{"id":10,"date":"2018-02-12T16:40:04","date_gmt":"2018-02-12T15:40:04","guid":{"rendered":"http:\/\/figl.de\/v2\/?page_id=10"},"modified":"2026-03-16T13:11:05","modified_gmt":"2026-03-16T12:11:05","slug":"10-2","status":"publish","type":"page","link":"https:\/\/figl.de\/","title":{"rendered":""},"content":{"rendered":"<h1 style=\"font-weight: 400; text-align: center;\"><span style=\"color: #808080;\"><strong>Herzlich willkommen<\/strong><\/span><\/h1>\n<p style=\"font-weight: 400; text-align: center;\"><span style=\"color: #808080;\"><strong>auf der Webseite der Hautarztpraxis\u00a0<\/strong><strong><br \/><\/strong><strong>Dr. med. <\/strong><strong>Adina Figl &amp; Dr. med. Robert Figl<\/strong><\/span><\/p>\n<p style=\"font-weight: 400; text-align: center;\"><span style=\"color: #808080;\">Haut- und Geschlechtskrankheiten<\/span><br \/><span style=\"color: #808080;\">Allergologie, Umweltmedizin<\/span><br \/><span style=\"color: #808080;\">Onkologisch verantwortliche \u00c4rzte<\/span><br \/><span style=\"color: #808080;\">Ambulante Operationen<\/span><\/p>\n\n\n<p><\/p>\n\n\n\n<p><\/p>\n","protected":false},"excerpt":{"rendered":"<p>Herzlich willkommen auf der Webseite der Hautarztpraxis\u00a0Dr. med. Adina Figl &amp; Dr. med. Robert Figl Haut- und GeschlechtskrankheitenAllergologie, UmweltmedizinOnkologisch verantwortliche \u00c4rzteAmbulante Operationen<\/p>\n","protected":false},"author":1,"featured_media":208,"parent":0,"menu_order":0,"comment_status":"closed","ping_status":"closed","template":"","meta":{"footnotes":""},"class_list":["post-10","page","type-page","status-publish","has-post-thumbnail","hentry","with-featured-image"],"yoast_head":"<!-- This site is optimized with the Yoast SEO plugin v26.8 - https:\/\/yoast.com\/product\/yoast-seo-wordpress\/ -->\n<title>| Praxis Drs. Figl Karlsruhe<\/title>\n<meta name=\"description\" content=\"In unserer modern ausgestatteten Hautarztpraxis im Zentrum von Karlsruhe stehen Sie als Patient im Mittelpunkt unserer Bem\u00fchungen. Wir bieten Ihnen das gesamte Spektrum der dermatologischen Diagnsotik und Therapie sowie ein breit gef\u00e4chertes Angebot an medizinisch \u00e4sthetischen Leistungen.\" \/>\n<meta name=\"robots\" content=\"index, follow, max-snippet:-1, max-image-preview:large, max-video-preview:-1\" \/>\n<link rel=\"canonical\" href=\"https:\/\/figl.de\/\" \/>\n<meta property=\"og:locale\" content=\"de_DE\" \/>\n<meta property=\"og:type\" content=\"article\" \/>\n<meta property=\"og:title\" content=\"| Praxis Drs. Figl Karlsruhe\" \/>\n<meta property=\"og:description\" content=\"In unserer modern ausgestatteten Hautarztpraxis im Zentrum von Karlsruhe stehen Sie als Patient im Mittelpunkt unserer Bem\u00fchungen. Wir bieten Ihnen das gesamte Spektrum der dermatologischen Diagnsotik und Therapie sowie ein breit gef\u00e4chertes Angebot an medizinisch \u00e4sthetischen Leistungen.\" \/>\n<meta property=\"og:url\" content=\"https:\/\/figl.de\/\" \/>\n<meta property=\"og:site_name\" content=\"Praxis Drs. Figl Karlsruhe\" \/>\n<meta property=\"article:modified_time\" content=\"2026-03-16T12:11:05+00:00\" \/>\n<meta property=\"og:image\" content=\"https:\/\/figl.de\/wp-content\/uploads\/2018\/03\/Rezeption_2-1024x743.jpg\" \/>\n\t<meta property=\"og:image:width\" content=\"1024\" \/>\n\t<meta property=\"og:image:height\" content=\"743\" \/>\n\t<meta property=\"og:image:type\" content=\"image\/jpeg\" \/>\n<meta name=\"twitter:card\" content=\"summary_large_image\" \/>\n<meta name=\"twitter:label1\" content=\"Gesch\u00e4tzte Lesezeit\" \/>\n\t<meta name=\"twitter:data1\" content=\"1\u00a0Minute\" \/>\n<script type=\"application\/ld+json\" class=\"yoast-schema-graph\">{\"@context\":\"https:\/\/schema.org\",\"@graph\":[{\"@type\":[\"WebPage\",\"MedicalWebPage\"],\"@id\":\"https:\/\/figl.de\/\",\"url\":\"https:\/\/figl.de\/\",\"name\":\"| Praxis Drs. Figl Karlsruhe\",\"isPartOf\":{\"@id\":\"https:\/\/figl.de\/#website\"},\"primaryImageOfPage\":{\"@id\":\"https:\/\/figl.de\/#primaryimage\"},\"image\":{\"@id\":\"https:\/\/figl.de\/#primaryimage\"},\"thumbnailUrl\":\"https:\/\/figl.de\/wp-content\/uploads\/2018\/03\/Rezeption_2.jpg\",\"datePublished\":\"2018-02-12T15:40:04+00:00\",\"dateModified\":\"2026-03-16T12:11:05+00:00\",\"description\":\"In unserer modern ausgestatteten Hautarztpraxis im Zentrum von Karlsruhe stehen Sie als Patient im Mittelpunkt unserer Bem\u00fchungen. Wir bieten Ihnen das gesamte Spektrum der dermatologischen Diagnsotik und Therapie sowie ein breit gef\u00e4chertes Angebot an medizinisch \u00e4sthetischen Leistungen.\",\"inLanguage\":\"de\",\"potentialAction\":[{\"@type\":\"ReadAction\",\"target\":[\"https:\/\/figl.de\/\"]}]},{\"@type\":\"ImageObject\",\"inLanguage\":\"de\",\"@id\":\"https:\/\/figl.de\/#primaryimage\",\"url\":\"https:\/\/figl.de\/wp-content\/uploads\/2018\/03\/Rezeption_2.jpg\",\"contentUrl\":\"https:\/\/figl.de\/wp-content\/uploads\/2018\/03\/Rezeption_2.jpg\",\"width\":2712,\"height\":1968,\"caption\":\"Hautarztpraxis Dr. Figl\"},{\"@type\":\"WebSite\",\"@id\":\"https:\/\/figl.de\/#website\",\"url\":\"https:\/\/figl.de\/\",\"name\":\"Praxis Drs. Figl Karlsruhe\",\"description\":\"Ihre Haut\u00e4rzte\",\"potentialAction\":[{\"@type\":\"SearchAction\",\"target\":{\"@type\":\"EntryPoint\",\"urlTemplate\":\"https:\/\/figl.de\/?s={search_term_string}\"},\"query-input\":{\"@type\":\"PropertyValueSpecification\",\"valueRequired\":true,\"valueName\":\"search_term_string\"}}],\"inLanguage\":\"de\"}]}<\/script>\n<!-- \/ Yoast SEO plugin. -->","yoast_head_json":{"title":"| Praxis Drs. Figl Karlsruhe","description":"In unserer modern ausgestatteten Hautarztpraxis im Zentrum von Karlsruhe stehen Sie als Patient im Mittelpunkt unserer Bem\u00fchungen. Wir bieten Ihnen das gesamte Spektrum der dermatologischen Diagnsotik und Therapie sowie ein breit gef\u00e4chertes Angebot an medizinisch \u00e4sthetischen Leistungen.","robots":{"index":"index","follow":"follow","max-snippet":"max-snippet:-1","max-image-preview":"max-image-preview:large","max-video-preview":"max-video-preview:-1"},"canonical":"https:\/\/figl.de\/","og_locale":"de_DE","og_type":"article","og_title":"| Praxis Drs. Figl Karlsruhe","og_description":"In unserer modern ausgestatteten Hautarztpraxis im Zentrum von Karlsruhe stehen Sie als Patient im Mittelpunkt unserer Bem\u00fchungen. Wir bieten Ihnen das gesamte Spektrum der dermatologischen Diagnsotik und Therapie sowie ein breit gef\u00e4chertes Angebot an medizinisch \u00e4sthetischen Leistungen.","og_url":"https:\/\/figl.de\/","og_site_name":"Praxis Drs. Figl Karlsruhe","article_modified_time":"2026-03-16T12:11:05+00:00","og_image":[{"width":1024,"height":743,"url":"https:\/\/figl.de\/wp-content\/uploads\/2018\/03\/Rezeption_2-1024x743.jpg","type":"image\/jpeg"}],"twitter_card":"summary_large_image","twitter_misc":{"Gesch\u00e4tzte Lesezeit":"1\u00a0Minute"},"schema":{"@context":"https:\/\/schema.org","@graph":[{"@type":["WebPage","MedicalWebPage"],"@id":"https:\/\/figl.de\/","url":"https:\/\/figl.de\/","name":"| Praxis Drs. Figl Karlsruhe","isPartOf":{"@id":"https:\/\/figl.de\/#website"},"primaryImageOfPage":{"@id":"https:\/\/figl.de\/#primaryimage"},"image":{"@id":"https:\/\/figl.de\/#primaryimage"},"thumbnailUrl":"https:\/\/figl.de\/wp-content\/uploads\/2018\/03\/Rezeption_2.jpg","datePublished":"2018-02-12T15:40:04+00:00","dateModified":"2026-03-16T12:11:05+00:00","description":"In unserer modern ausgestatteten Hautarztpraxis im Zentrum von Karlsruhe stehen Sie als Patient im Mittelpunkt unserer Bem\u00fchungen. Wir bieten Ihnen das gesamte Spektrum der dermatologischen Diagnsotik und Therapie sowie ein breit gef\u00e4chertes Angebot an medizinisch \u00e4sthetischen Leistungen.","inLanguage":"de","potentialAction":[{"@type":"ReadAction","target":["https:\/\/figl.de\/"]}]},{"@type":"ImageObject","inLanguage":"de","@id":"https:\/\/figl.de\/#primaryimage","url":"https:\/\/figl.de\/wp-content\/uploads\/2018\/03\/Rezeption_2.jpg","contentUrl":"https:\/\/figl.de\/wp-content\/uploads\/2018\/03\/Rezeption_2.jpg","width":2712,"height":1968,"caption":"Hautarztpraxis Dr. Figl"},{"@type":"WebSite","@id":"https:\/\/figl.de\/#website","url":"https:\/\/figl.de\/","name":"Praxis Drs. Figl Karlsruhe","description":"Ihre Haut\u00e4rzte","potentialAction":[{"@type":"SearchAction","target":{"@type":"EntryPoint","urlTemplate":"https:\/\/figl.de\/?s={search_term_string}"},"query-input":{"@type":"PropertyValueSpecification","valueRequired":true,"valueName":"search_term_string"}}],"inLanguage":"de"}]}},"_links":{"self":[{"href":"https:\/\/figl.de\/index.php\/wp-json\/wp\/v2\/pages\/10","targetHints":{"allow":["GET"]}}],"collection":[{"href":"https:\/\/figl.de\/index.php\/wp-json\/wp\/v2\/pages"}],"about":[{"href":"https:\/\/figl.de\/index.php\/wp-json\/wp\/v2\/types\/page"}],"author":[{"embeddable":true,"href":"https:\/\/figl.de\/index.php\/wp-json\/wp\/v2\/users\/1"}],"replies":[{"embeddable":true,"href":"https:\/\/figl.de\/index.php\/wp-json\/wp\/v2\/comments?post=10"}],"version-history":[{"count":170,"href":"https:\/\/figl.de\/index.php\/wp-json\/wp\/v2\/pages\/10\/revisions"}],"predecessor-version":[{"id":891,"href":"https:\/\/figl.de\/index.php\/wp-json\/wp\/v2\/pages\/10\/revisions\/891"}],"wp:featuredmedia":[{"embeddable":true,"href":"https:\/\/figl.de\/index.php\/wp-json\/wp\/v2\/media\/208"}],"wp:attachment":[{"href":"https:\/\/figl.de\/index.php\/wp-json\/wp\/v2\/media?parent=10"}],"curies":[{"name":"wp","href":"https:\/\/api.w.org\/{rel}","templated":true}]}}