{"id":103,"date":"2018-02-17T20:08:24","date_gmt":"2018-02-17T19:08:24","guid":{"rendered":"http:\/\/figl.de\/v2\/?page_id=103"},"modified":"2018-05-24T22:09:05","modified_gmt":"2018-05-24T20:09:05","slug":"impressum","status":"publish","type":"page","link":"https:\/\/figl.de\/index.php\/impressum\/","title":{"rendered":"Impressum"},"content":{"rendered":"<h3>Betreiber:<\/h3>\n<p>Dr. med. Adina Figl und Dr. med. Robert Figl, Herrenstr. 26, 76133 Karlsruhe<\/p>\n<h3>Kontakt:<\/h3>\n<p>Tel: 0721\/23883; Fax: 0721\/22258; <a href=\"http:\/\/figl.de\/?page_id=12\">Kontaktformular<\/a><\/p>\n<h3>Berufsbezeichnung:<\/h3>\n<p>Dr. med. Adina Figl, approbiert als \u00c4rztin seit dem 1.6.2003 (Regierungspr\u00e4sidium Stuttgart), Gebietsbezeichnung Haut- und Geschlechtskrankheiten, Zusatzbezeichnung Allergologie<\/p>\n<p>Dr. med. Robert Figl, approbiert als Arzt seit dem 1.4.2000 (Regierungspr\u00e4sidium Stuttgart), Gebietsbezeichnung Haut- und Geschlechtskrankheiten, Zusatzbezeichnung Allergologie, Zusatzbezeichnung Medikament\u00f6se Tumortherapie<\/p>\n<h3>\u00c4rztekammer:<\/h3>\n<p>Mitglieder der Landes\u00e4rztekammer <a href=\"http:\/\/www.aerztekammer-bw.de\" target=\"_blank\" rel=\"noopener\">Baden-W\u00fcrttemberg<\/a>, Jahnstra\u00dfe 40, 70597 Stuttgart. Dort ist die geltende <a href=\"http:\/\/www.aerztekammer-bw.de\/20\/arztrecht\/05kammerrecht\/bo.pdf\" target=\"_blank\" rel=\"noopener\">Berufsordnung<\/a> einsehbar.<\/p>\n<h3>Aufsichtsbeh\u00f6rde:<\/h3>\n<p>Dr. med. Adina Figl und Dr. med. Robert Figl sind zugelassen bei der <a href=\"http:\/\/www.kvbawue.de\/\" target=\"_blank\" rel=\"noopener\">Kassen\u00e4rztlichen Vereinigung Baden-W\u00fcrttemberg<\/a>, Albstattweg 11, 70567 Stuttgart.<\/p>\n<h3>Umsatzsteueridentifikationsnummer:<\/h3>\n<p>DE254901422<\/p>\n<p>Es gilt das <a href=\"http:\/\/www.aerztekammer-bw.de\/20\/arztrecht\/ressourcen\/kammergesetz.pdf\" target=\"_blank\" rel=\"noopener\">Heilberufe-Kammergesetz<\/a>.<\/p>\n<p>Inhaltlich Verantwortlicher f\u00fcr redaktionelle Inhalte der Webseite gem\u00e4\u00df \u00a76 TDG \/ \u00a75 Telemediengesetz bzw. \u00a7 6 MDStV ist Dr. med. Adina Figl.<\/p>\n<h3>Datenschutzerkl\u00e4rung:<\/h3>\n<p>Hier finden Sie unsere Datenschutzerkl\u00e4rung: <a href=\"https:\/\/figl.de\/index.php\/datenschutzerklaerung\/\">Link zur Datenschutzerkl\u00e4rung<\/a><\/p>\n<h3>Stand:<\/h3>\n<p>25.05.2018<\/p>\n<h3>Haftungsausschluss:<\/h3>\n<p><b>Inhalt des Onlineangebotes<\/b><br \/>\nDer Autor \u00fcbernimmt keinerlei Gew\u00e4hr f\u00fcr die Aktualit\u00e4t, Korrektheit, Vollst\u00e4ndigkeit oder Qualit\u00e4t der bereitgestellten Informationen. Haftungsanspr\u00fcche gegen den Autor, welche sich auf Sch\u00e4den materieller oder ideeller Art beziehen, die durch die Nutzung oder Nichtnutzung der dargebotenen Informationen bzw. durch die Nutzung fehlerhafter und unvollst\u00e4ndiger Informationen verursacht wurden, sind grunds\u00e4tzlich ausgeschlossen, sofern seitens des Autors kein nachweislich vors\u00e4tzliches oder grob fahrl\u00e4ssiges Verschulden vorliegt. Alle Angebote sind freibleibend und unverbindlich. Der Autor beh\u00e4lt es sich ausdr\u00fccklich vor, Teile der Seiten oder das gesamte Angebot ohne gesonderte Ank\u00fcndigung zu ver\u00e4ndern, zu erg\u00e4nzen, zu l\u00f6schen oder die Ver\u00f6ffentlichung zeitweise oder endg\u00fcltig einzustellen.<\/p>\n<p><b>Verweise und Links<\/b><br \/>\nBei direkten oder indirekten Verweisen auf fremde Webseiten (&#8222;Hyperlinks&#8220;), die au\u00dferhalb des Verantwortungsbereiches des Autors liegen, w\u00fcrde eine Haftungsverpflichtung ausschlie\u00dflich in dem Fall in Kraft treten, in dem der Autor von den Inhalten Kenntnis hat und es ihm technisch m\u00f6glich und zumutbar w\u00e4re, die Nutzung im Falle rechtswidriger Inhalte zu verhindern. Der Autor erkl\u00e4rt hiermit ausdr\u00fccklich, dass zum Zeitpunkt der Linksetzung keine illegalen Inhalte auf den zu verlinkenden Seiten erkennbar waren. Auf die aktuelle und zuk\u00fcnftige Gestaltung, die Inhalte oder die Urheberschaft der gelinkten\/verkn\u00fcpften Seiten hat der Autor keinerlei Einfluss. Deshalb distanziert er sich hiermit ausdr\u00fccklich von allen Inhalten aller gelinkten \/verkn\u00fcpften Seiten, die nach der Linksetzung ver\u00e4ndert wurden. Diese Feststellung gilt f\u00fcr alle innerhalb des eigenen Internetangebotes gesetzten Links und Verweise sowie f\u00fcr Fremdeintr\u00e4ge in vom Autor eingerichteten G\u00e4steb\u00fcchern, Diskussionsforen und Mailinglisten. F\u00fcr illegale, fehlerhafte oder unvollst\u00e4ndige Inhalte und insbesondere f\u00fcr Sch\u00e4den, die aus der Nutzung oder Nichtnutzung solcherart dargebotener Informationen entstehen, haftet allein der Anbieter der Seite, auf welche verwiesen wurde, nicht derjenige, der \u00fcber Links auf die jeweilige Ver\u00f6ffentlichung lediglich verweist.<\/p>\n<p><b>Urheber- und Kennzeichenrecht<\/b><br \/>\nDer Autor ist bestrebt, in allen Publikationen die Urheberrechte der verwendeten Grafiken, Tondokumente, Videosequenzen und Texte zu beachten, von ihm selbst erstellte Grafiken, Tondokumente, Videosequenzen und Texte zu nutzen oder auf lizenzfreie Grafiken, Tondokumente, Videosequenzen und Texte zur\u00fcckzugreifen. Alle innerhalb des Internetangebotes genannten und ggf. durch Dritte gesch\u00fctzten Marken- und Warenzeichen unterliegen uneingeschr\u00e4nkt den Bestimmungen des jeweils g\u00fcltigen Kennzeichenrechts und den Besitzrechten der jeweiligen eingetragenen Eigent\u00fcmer. Allein aufgrund der blo\u00dfen Nennung ist nicht der Schluss zu ziehen, dass Markenzeichen nicht durch Rechte Dritter gesch\u00fctzt sind! Das Copyright f\u00fcr ver\u00f6ffentlichte, vom Autor selbst erstellte Objekte bleibt allein beim Autor der Seiten. Eine Vervielf\u00e4ltigung oder Verwendung solcher Grafiken, Tondokumente, Videosequenzen und Texte in anderen elektronischen oder gedruckten Publikationen ist ohne ausdr\u00fcckliche Zustimmung des Autors nicht gestattet.<\/p>\n<p><b>Datenschutz<\/b><br \/>\nSofern innerhalb des Internetangebotes die M\u00f6glichkeit zur Eingabe pers\u00f6nlicher oder gesch\u00e4ftlicher Daten (Emailadressen, Namen, Anschriften) besteht, so erfolgt die Preisgabe dieser Daten seitens des Nutzers auf ausdr\u00fccklich freiwilliger Basis. Die Inanspruchnahme und Bezahlung aller angebotenen Dienste ist &#8211; soweit technisch m\u00f6glich und zumutbar &#8211; auch ohne Angabe solcher Daten bzw. unter Angabe anonymisierter Daten oder eines Pseudonyms gestattet. Die Nutzung der im Rahmen des Impressums oder vergleichbarer Angaben ver\u00f6ffentlichten Kontaktdaten wie Postanschriften, Telefon- und Faxnummern sowie Emailadressen durch Dritte zur \u00dcbersendung von nicht ausdr\u00fccklich angeforderten Informationen ist nicht gestattet. Rechtliche Schritte gegen die Versender von sogenannten Spam-Mails bei Verst\u00f6ssen gegen dieses Verbot sind ausdr\u00fccklich vorbehalten.<\/p>\n<p><b>Ausdr\u00fccklicher Hinweis<\/b><br \/>\nKeine der aufgef\u00fchrten Untersuchungsmethoden, Therapien und Techniken garantieren die Linderung und Heilung von Erkrankungen. Heilungsversprechen werden nicht gemacht.<\/p>\n<p><b>E-Mail-Kontakte<\/b><br \/>\nDie Nutzung der Kommunikation \u00fcber E-Mail ist unverschl\u00fcsselt. Sie kann unter Umst\u00e4nden durch unberechtigte Dritte eingesehen werden. Wir \u00fcbernehmen keinerlei Verantwortung oder Haftung f\u00fcr den Missbrauch vertraulicher Informationen und die dadurch verursachten Sch\u00e4den jeglicher Art. Dem Nutzer dieser Kommunikationsform ist dies bekannt.<\/p>\n<p><b>Versuche der Abmahnung nicht ohne vorherigen Kontakt<\/b><br \/>\nSollte der Inhalt oder die Aufmachung dieser Internetseiten gegen fremde Rechte Dritter oder gesetzliche Bestimmungen versto\u00dfen, so bitte ich um eine vorherige Kontaktaufnahme ohne Kostennote. Zu Recht beanstandete Inhalte werden dann umgehend entfernt. Von Ihrer Seite ist die Einschaltung eines Rechtsbeistandes nicht erforderlich. Sollten dennoch Kosten dadurch entstehen, dass Sie keine vorherige Kontaktaufnahme vornehmen, werden wir die Kosten vollst\u00e4ndig zur\u00fcckweisen und eventuell Gegenklage erheben, da Sie gegen diesen Artikel versto\u00dfen haben.<\/p>\n<p><b>Rechtswirksamkeit dieses Haftungsausschlusses<\/b><br \/>\nDieser Haftungsausschluss ist als Teil des Internetangebotes zu betrachten, von dem aus auf diese Seite verwiesen wurde. Sofern Teile oder einzelne Formulierungen dieses Textes der geltenden Rechtslage nicht, nicht mehr oder nicht vollst\u00e4ndig entsprechen sollten, bleiben die \u00fcbrigen Teile des Dokumentes in ihrem Inhalt und ihrer G\u00fcltigkeit davon unber\u00fchrt.<\/p>\n","protected":false},"excerpt":{"rendered":"<p>Betreiber: Dr. med. Adina Figl und Dr. med. Robert Figl, Herrenstr. 26, 76133 Karlsruhe Kontakt: Tel: 0721\/23883; Fax: 0721\/22258; Kontaktformular Berufsbezeichnung: Dr. med. Adina Figl, approbiert als \u00c4rztin seit dem 1.6.2003 (Regierungspr\u00e4sidium Stuttgart), Gebietsbezeichnung Haut- und Geschlechtskrankheiten, Zusatzbezeichnung Allergologie Dr. med. Robert Figl, approbiert als Arzt seit dem 1.4.2000 (Regierungspr\u00e4sidium Stuttgart), Gebietsbezeichnung Haut- und Geschlechtskrankheiten, &hellip; <a href=\"https:\/\/figl.de\/index.php\/impressum\/\" class=\"more-link\">Weiterlesen <span class=\"screen-reader-text\">Impressum<\/span><\/a><\/p>\n","protected":false},"author":1,"featured_media":0,"parent":0,"menu_order":0,"comment_status":"closed","ping_status":"closed","template":"","meta":{"footnotes":""},"class_list":["post-103","page","type-page","status-publish","hentry","without-featured-image"],"yoast_head":"<!-- This site is optimized with the Yoast SEO plugin v26.8 - https:\/\/yoast.com\/product\/yoast-seo-wordpress\/ -->\n<title>Impressum | Praxis Drs. Figl Karlsruhe<\/title>\n<meta name=\"robots\" content=\"index, follow, max-snippet:-1, max-image-preview:large, max-video-preview:-1\" \/>\n<link rel=\"canonical\" href=\"https:\/\/figl.de\/index.php\/impressum\/\" \/>\n<meta property=\"og:locale\" content=\"de_DE\" \/>\n<meta property=\"og:type\" content=\"article\" \/>\n<meta property=\"og:title\" content=\"Impressum | Praxis Drs. Figl Karlsruhe\" \/>\n<meta property=\"og:description\" content=\"Betreiber: Dr. med. Adina Figl und Dr. med. Robert Figl, Herrenstr. 26, 76133 Karlsruhe Kontakt: Tel: 0721\/23883; Fax: 0721\/22258; Kontaktformular Berufsbezeichnung: Dr. med. Adina Figl, approbiert als \u00c4rztin seit dem 1.6.2003 (Regierungspr\u00e4sidium Stuttgart), Gebietsbezeichnung Haut- und Geschlechtskrankheiten, Zusatzbezeichnung Allergologie Dr. med. Robert Figl, approbiert als Arzt seit dem 1.4.2000 (Regierungspr\u00e4sidium Stuttgart), Gebietsbezeichnung Haut- und Geschlechtskrankheiten, &hellip; Weiterlesen Impressum\" \/>\n<meta property=\"og:url\" content=\"https:\/\/figl.de\/index.php\/impressum\/\" \/>\n<meta property=\"og:site_name\" content=\"Praxis Drs. Figl Karlsruhe\" \/>\n<meta property=\"article:modified_time\" content=\"2018-05-24T20:09:05+00:00\" \/>\n<meta name=\"twitter:card\" content=\"summary_large_image\" \/>\n<meta name=\"twitter:label1\" content=\"Gesch\u00e4tzte Lesezeit\" \/>\n\t<meta name=\"twitter:data1\" content=\"5\u00a0Minuten\" \/>\n<script type=\"application\/ld+json\" class=\"yoast-schema-graph\">{\"@context\":\"https:\/\/schema.org\",\"@graph\":[{\"@type\":\"WebPage\",\"@id\":\"https:\/\/figl.de\/index.php\/impressum\/\",\"url\":\"https:\/\/figl.de\/index.php\/impressum\/\",\"name\":\"Impressum | Praxis Drs. Figl Karlsruhe\",\"isPartOf\":{\"@id\":\"https:\/\/figl.de\/#website\"},\"datePublished\":\"2018-02-17T19:08:24+00:00\",\"dateModified\":\"2018-05-24T20:09:05+00:00\",\"breadcrumb\":{\"@id\":\"https:\/\/figl.de\/index.php\/impressum\/#breadcrumb\"},\"inLanguage\":\"de\",\"potentialAction\":[{\"@type\":\"ReadAction\",\"target\":[\"https:\/\/figl.de\/index.php\/impressum\/\"]}]},{\"@type\":\"BreadcrumbList\",\"@id\":\"https:\/\/figl.de\/index.php\/impressum\/#breadcrumb\",\"itemListElement\":[{\"@type\":\"ListItem\",\"position\":1,\"name\":\"Startseite\",\"item\":\"https:\/\/figl.de\/\"},{\"@type\":\"ListItem\",\"position\":2,\"name\":\"Impressum\"}]},{\"@type\":\"WebSite\",\"@id\":\"https:\/\/figl.de\/#website\",\"url\":\"https:\/\/figl.de\/\",\"name\":\"Praxis Drs. Figl Karlsruhe\",\"description\":\"Ihre Haut\u00e4rzte\",\"potentialAction\":[{\"@type\":\"SearchAction\",\"target\":{\"@type\":\"EntryPoint\",\"urlTemplate\":\"https:\/\/figl.de\/?s={search_term_string}\"},\"query-input\":{\"@type\":\"PropertyValueSpecification\",\"valueRequired\":true,\"valueName\":\"search_term_string\"}}],\"inLanguage\":\"de\"}]}<\/script>\n<!-- \/ Yoast SEO plugin. -->","yoast_head_json":{"title":"Impressum | Praxis Drs. Figl Karlsruhe","robots":{"index":"index","follow":"follow","max-snippet":"max-snippet:-1","max-image-preview":"max-image-preview:large","max-video-preview":"max-video-preview:-1"},"canonical":"https:\/\/figl.de\/index.php\/impressum\/","og_locale":"de_DE","og_type":"article","og_title":"Impressum | Praxis Drs. Figl Karlsruhe","og_description":"Betreiber: Dr. med. Adina Figl und Dr. med. Robert Figl, Herrenstr. 26, 76133 Karlsruhe Kontakt: Tel: 0721\/23883; Fax: 0721\/22258; Kontaktformular Berufsbezeichnung: Dr. med. Adina Figl, approbiert als \u00c4rztin seit dem 1.6.2003 (Regierungspr\u00e4sidium Stuttgart), Gebietsbezeichnung Haut- und Geschlechtskrankheiten, Zusatzbezeichnung Allergologie Dr. med. Robert Figl, approbiert als Arzt seit dem 1.4.2000 (Regierungspr\u00e4sidium Stuttgart), Gebietsbezeichnung Haut- und Geschlechtskrankheiten, &hellip; Weiterlesen Impressum","og_url":"https:\/\/figl.de\/index.php\/impressum\/","og_site_name":"Praxis Drs. Figl Karlsruhe","article_modified_time":"2018-05-24T20:09:05+00:00","twitter_card":"summary_large_image","twitter_misc":{"Gesch\u00e4tzte Lesezeit":"5\u00a0Minuten"},"schema":{"@context":"https:\/\/schema.org","@graph":[{"@type":"WebPage","@id":"https:\/\/figl.de\/index.php\/impressum\/","url":"https:\/\/figl.de\/index.php\/impressum\/","name":"Impressum | Praxis Drs. Figl Karlsruhe","isPartOf":{"@id":"https:\/\/figl.de\/#website"},"datePublished":"2018-02-17T19:08:24+00:00","dateModified":"2018-05-24T20:09:05+00:00","breadcrumb":{"@id":"https:\/\/figl.de\/index.php\/impressum\/#breadcrumb"},"inLanguage":"de","potentialAction":[{"@type":"ReadAction","target":["https:\/\/figl.de\/index.php\/impressum\/"]}]},{"@type":"BreadcrumbList","@id":"https:\/\/figl.de\/index.php\/impressum\/#breadcrumb","itemListElement":[{"@type":"ListItem","position":1,"name":"Startseite","item":"https:\/\/figl.de\/"},{"@type":"ListItem","position":2,"name":"Impressum"}]},{"@type":"WebSite","@id":"https:\/\/figl.de\/#website","url":"https:\/\/figl.de\/","name":"Praxis Drs. Figl Karlsruhe","description":"Ihre Haut\u00e4rzte","potentialAction":[{"@type":"SearchAction","target":{"@type":"EntryPoint","urlTemplate":"https:\/\/figl.de\/?s={search_term_string}"},"query-input":{"@type":"PropertyValueSpecification","valueRequired":true,"valueName":"search_term_string"}}],"inLanguage":"de"}]}},"_links":{"self":[{"href":"https:\/\/figl.de\/index.php\/wp-json\/wp\/v2\/pages\/103","targetHints":{"allow":["GET"]}}],"collection":[{"href":"https:\/\/figl.de\/index.php\/wp-json\/wp\/v2\/pages"}],"about":[{"href":"https:\/\/figl.de\/index.php\/wp-json\/wp\/v2\/types\/page"}],"author":[{"embeddable":true,"href":"https:\/\/figl.de\/index.php\/wp-json\/wp\/v2\/users\/1"}],"replies":[{"embeddable":true,"href":"https:\/\/figl.de\/index.php\/wp-json\/wp\/v2\/comments?post=103"}],"version-history":[{"count":10,"href":"https:\/\/figl.de\/index.php\/wp-json\/wp\/v2\/pages\/103\/revisions"}],"predecessor-version":[{"id":354,"href":"https:\/\/figl.de\/index.php\/wp-json\/wp\/v2\/pages\/103\/revisions\/354"}],"wp:attachment":[{"href":"https:\/\/figl.de\/index.php\/wp-json\/wp\/v2\/media?parent=103"}],"curies":[{"name":"wp","href":"https:\/\/api.w.org\/{rel}","templated":true}]}}