{"id":160,"date":"2018-03-03T11:50:55","date_gmt":"2018-03-03T10:50:55","guid":{"rendered":"http:\/\/figl.de\/v2\/?page_id=160"},"modified":"2024-03-22T12:48:59","modified_gmt":"2024-03-22T11:48:59","slug":"klassische-dermatologie-und-venerologie","status":"publish","type":"page","link":"https:\/\/figl.de\/index.php\/klassische-dermatologie-und-venerologie\/","title":{"rendered":"Klassische Dermatologie und Geschlechtskrankheiten"},"content":{"rendered":"<p>Wir bieten im Rahmen unserer Sprechstunden alle Leistungen zur Diagnostik und Therapie von Erkrankungen der Haut, Haare, N\u00e4gel und Schleimh\u00e4ute, z.B.:<\/p>\n<ul type=\"disc\">\n<li>Chronische Hauterkrankungen wie Akne, Neurodermitis, Psoriasis<\/li>\n<li>Akut aufgetretene Hauterkrankungen<\/li>\n<li>Pilzinfektionen der Haut und N\u00e4gel<\/li>\n<li>Hyperhidrose (\u00fcberm\u00e4\u00dfiges Schwitzen)<\/li>\n<li>Bakterielle und virale Infektionen der Haut (z.B. Abszesse, Herpes, G\u00fcrtelrose)<\/li>\n<li>Chronische Wunden und Unterschenkelgeschw\u00fcre (z.B. bei Diabetes)<\/li>\n<li>Geschlechtskrankheiten (Venerologie)<\/li>\n<\/ul>\n","protected":false},"excerpt":{"rendered":"<p>Wir bieten im Rahmen unserer Sprechstunden alle Leistungen zur Diagnostik und Therapie von Erkrankungen der Haut, Haare, N\u00e4gel und Schleimh\u00e4ute, z.B.: Chronische Hauterkrankungen wie Akne, Neurodermitis, Psoriasis Akut aufgetretene Hauterkrankungen Pilzinfektionen der Haut und N\u00e4gel Hyperhidrose (\u00fcberm\u00e4\u00dfiges Schwitzen) Bakterielle und virale Infektionen der Haut (z.B. Abszesse, Herpes, G\u00fcrtelrose) Chronische Wunden und Unterschenkelgeschw\u00fcre (z.B. bei Diabetes) &hellip; <a href=\"https:\/\/figl.de\/index.php\/klassische-dermatologie-und-venerologie\/\" class=\"more-link\">Weiterlesen <span class=\"screen-reader-text\">Klassische Dermatologie und Geschlechtskrankheiten<\/span><\/a><\/p>\n","protected":false},"author":1,"featured_media":0,"parent":0,"menu_order":0,"comment_status":"closed","ping_status":"closed","template":"","meta":{"footnotes":""},"class_list":["post-160","page","type-page","status-publish","hentry","without-featured-image"],"yoast_head":"<!-- This site is optimized with the Yoast SEO plugin v26.8 - https:\/\/yoast.com\/product\/yoast-seo-wordpress\/ -->\n<title>Klassische Dermatologie und Geschlechtskrankheiten | Praxis Drs. Figl Karlsruhe<\/title>\n<meta name=\"robots\" content=\"index, follow, max-snippet:-1, max-image-preview:large, max-video-preview:-1\" \/>\n<link rel=\"canonical\" href=\"https:\/\/figl.de\/index.php\/klassische-dermatologie-und-venerologie\/\" \/>\n<meta property=\"og:locale\" content=\"de_DE\" \/>\n<meta property=\"og:type\" content=\"article\" \/>\n<meta property=\"og:title\" content=\"Klassische Dermatologie und Geschlechtskrankheiten | Praxis Drs. Figl Karlsruhe\" \/>\n<meta property=\"og:description\" content=\"Wir bieten im Rahmen unserer Sprechstunden alle Leistungen zur Diagnostik und Therapie von Erkrankungen der Haut, Haare, N\u00e4gel und Schleimh\u00e4ute, z.B.: Chronische Hauterkrankungen wie Akne, Neurodermitis, Psoriasis Akut aufgetretene Hauterkrankungen Pilzinfektionen der Haut und N\u00e4gel Hyperhidrose (\u00fcberm\u00e4\u00dfiges Schwitzen) Bakterielle und virale Infektionen der Haut (z.B. Abszesse, Herpes, G\u00fcrtelrose) Chronische Wunden und Unterschenkelgeschw\u00fcre (z.B. bei Diabetes) &hellip; Weiterlesen Klassische Dermatologie und Geschlechtskrankheiten\" \/>\n<meta property=\"og:url\" content=\"https:\/\/figl.de\/index.php\/klassische-dermatologie-und-venerologie\/\" \/>\n<meta property=\"og:site_name\" content=\"Praxis Drs. Figl Karlsruhe\" \/>\n<meta property=\"article:modified_time\" content=\"2024-03-22T11:48:59+00:00\" \/>\n<meta name=\"twitter:card\" content=\"summary_large_image\" \/>\n<meta name=\"twitter:label1\" content=\"Gesch\u00e4tzte Lesezeit\" \/>\n\t<meta name=\"twitter:data1\" content=\"1\u00a0Minute\" \/>\n<script type=\"application\/ld+json\" class=\"yoast-schema-graph\">{\"@context\":\"https:\/\/schema.org\",\"@graph\":[{\"@type\":\"WebPage\",\"@id\":\"https:\/\/figl.de\/index.php\/klassische-dermatologie-und-venerologie\/\",\"url\":\"https:\/\/figl.de\/index.php\/klassische-dermatologie-und-venerologie\/\",\"name\":\"Klassische Dermatologie und Geschlechtskrankheiten | Praxis Drs. Figl Karlsruhe\",\"isPartOf\":{\"@id\":\"https:\/\/figl.de\/#website\"},\"datePublished\":\"2018-03-03T10:50:55+00:00\",\"dateModified\":\"2024-03-22T11:48:59+00:00\",\"breadcrumb\":{\"@id\":\"https:\/\/figl.de\/index.php\/klassische-dermatologie-und-venerologie\/#breadcrumb\"},\"inLanguage\":\"de\",\"potentialAction\":[{\"@type\":\"ReadAction\",\"target\":[\"https:\/\/figl.de\/index.php\/klassische-dermatologie-und-venerologie\/\"]}]},{\"@type\":\"BreadcrumbList\",\"@id\":\"https:\/\/figl.de\/index.php\/klassische-dermatologie-und-venerologie\/#breadcrumb\",\"itemListElement\":[{\"@type\":\"ListItem\",\"position\":1,\"name\":\"Startseite\",\"item\":\"https:\/\/figl.de\/\"},{\"@type\":\"ListItem\",\"position\":2,\"name\":\"Klassische Dermatologie und Geschlechtskrankheiten\"}]},{\"@type\":\"WebSite\",\"@id\":\"https:\/\/figl.de\/#website\",\"url\":\"https:\/\/figl.de\/\",\"name\":\"Praxis Drs. Figl Karlsruhe\",\"description\":\"Ihre Haut\u00e4rzte\",\"potentialAction\":[{\"@type\":\"SearchAction\",\"target\":{\"@type\":\"EntryPoint\",\"urlTemplate\":\"https:\/\/figl.de\/?s={search_term_string}\"},\"query-input\":{\"@type\":\"PropertyValueSpecification\",\"valueRequired\":true,\"valueName\":\"search_term_string\"}}],\"inLanguage\":\"de\"}]}<\/script>\n<!-- \/ Yoast SEO plugin. -->","yoast_head_json":{"title":"Klassische Dermatologie und Geschlechtskrankheiten | Praxis Drs. Figl Karlsruhe","robots":{"index":"index","follow":"follow","max-snippet":"max-snippet:-1","max-image-preview":"max-image-preview:large","max-video-preview":"max-video-preview:-1"},"canonical":"https:\/\/figl.de\/index.php\/klassische-dermatologie-und-venerologie\/","og_locale":"de_DE","og_type":"article","og_title":"Klassische Dermatologie und Geschlechtskrankheiten | Praxis Drs. Figl Karlsruhe","og_description":"Wir bieten im Rahmen unserer Sprechstunden alle Leistungen zur Diagnostik und Therapie von Erkrankungen der Haut, Haare, N\u00e4gel und Schleimh\u00e4ute, z.B.: Chronische Hauterkrankungen wie Akne, Neurodermitis, Psoriasis Akut aufgetretene Hauterkrankungen Pilzinfektionen der Haut und N\u00e4gel Hyperhidrose (\u00fcberm\u00e4\u00dfiges Schwitzen) Bakterielle und virale Infektionen der Haut (z.B. Abszesse, Herpes, G\u00fcrtelrose) Chronische Wunden und Unterschenkelgeschw\u00fcre (z.B. bei Diabetes) &hellip; Weiterlesen Klassische Dermatologie und Geschlechtskrankheiten","og_url":"https:\/\/figl.de\/index.php\/klassische-dermatologie-und-venerologie\/","og_site_name":"Praxis Drs. Figl Karlsruhe","article_modified_time":"2024-03-22T11:48:59+00:00","twitter_card":"summary_large_image","twitter_misc":{"Gesch\u00e4tzte Lesezeit":"1\u00a0Minute"},"schema":{"@context":"https:\/\/schema.org","@graph":[{"@type":"WebPage","@id":"https:\/\/figl.de\/index.php\/klassische-dermatologie-und-venerologie\/","url":"https:\/\/figl.de\/index.php\/klassische-dermatologie-und-venerologie\/","name":"Klassische Dermatologie und Geschlechtskrankheiten | Praxis Drs. Figl Karlsruhe","isPartOf":{"@id":"https:\/\/figl.de\/#website"},"datePublished":"2018-03-03T10:50:55+00:00","dateModified":"2024-03-22T11:48:59+00:00","breadcrumb":{"@id":"https:\/\/figl.de\/index.php\/klassische-dermatologie-und-venerologie\/#breadcrumb"},"inLanguage":"de","potentialAction":[{"@type":"ReadAction","target":["https:\/\/figl.de\/index.php\/klassische-dermatologie-und-venerologie\/"]}]},{"@type":"BreadcrumbList","@id":"https:\/\/figl.de\/index.php\/klassische-dermatologie-und-venerologie\/#breadcrumb","itemListElement":[{"@type":"ListItem","position":1,"name":"Startseite","item":"https:\/\/figl.de\/"},{"@type":"ListItem","position":2,"name":"Klassische Dermatologie und Geschlechtskrankheiten"}]},{"@type":"WebSite","@id":"https:\/\/figl.de\/#website","url":"https:\/\/figl.de\/","name":"Praxis Drs. Figl Karlsruhe","description":"Ihre Haut\u00e4rzte","potentialAction":[{"@type":"SearchAction","target":{"@type":"EntryPoint","urlTemplate":"https:\/\/figl.de\/?s={search_term_string}"},"query-input":{"@type":"PropertyValueSpecification","valueRequired":true,"valueName":"search_term_string"}}],"inLanguage":"de"}]}},"_links":{"self":[{"href":"https:\/\/figl.de\/index.php\/wp-json\/wp\/v2\/pages\/160","targetHints":{"allow":["GET"]}}],"collection":[{"href":"https:\/\/figl.de\/index.php\/wp-json\/wp\/v2\/pages"}],"about":[{"href":"https:\/\/figl.de\/index.php\/wp-json\/wp\/v2\/types\/page"}],"author":[{"embeddable":true,"href":"https:\/\/figl.de\/index.php\/wp-json\/wp\/v2\/users\/1"}],"replies":[{"embeddable":true,"href":"https:\/\/figl.de\/index.php\/wp-json\/wp\/v2\/comments?post=160"}],"version-history":[{"count":3,"href":"https:\/\/figl.de\/index.php\/wp-json\/wp\/v2\/pages\/160\/revisions"}],"predecessor-version":[{"id":729,"href":"https:\/\/figl.de\/index.php\/wp-json\/wp\/v2\/pages\/160\/revisions\/729"}],"wp:attachment":[{"href":"https:\/\/figl.de\/index.php\/wp-json\/wp\/v2\/media?parent=160"}],"curies":[{"name":"wp","href":"https:\/\/api.w.org\/{rel}","templated":true}]}}