{"id":164,"date":"2018-03-03T11:55:32","date_gmt":"2018-03-03T10:55:32","guid":{"rendered":"http:\/\/figl.de\/v2\/?page_id=164"},"modified":"2025-08-06T08:13:22","modified_gmt":"2025-08-06T06:13:22","slug":"hautkrebsvorsorge","status":"publish","type":"page","link":"https:\/\/figl.de\/index.php\/hautkrebsvorsorge\/","title":{"rendered":"Hautkrebsvorsorge"},"content":{"rendered":"\n<p>Die Erkennung und Behandlung von gut- und b\u00f6sartigen Tumoren der Haut ist ein wesentlicher T\u00e4tigkeitsschwerpunkt unserer Praxis. Die Hautkrebsvorsorge ist eine Untersuchung der gesamten K\u00f6rperhaut in Hinblick auf:<\/p>\n\n\n\n<ul class=\"wp-block-list\">\n<li>Verd\u00e4chtige Muttermale\/Leberflecken<\/li>\n\n\n\n<li>Melanom (schwarzer Hautkrebs)<\/li>\n\n\n\n<li>Hellen Hautkrebs (Aktinische Keratosen, Basaliom, Spinaliom, Morbus Bowen)<\/li>\n\n\n\n<li>Seltene Formen von Hautkrebs<\/li>\n<\/ul>\n\n\n\n<p>Zur genaueren Untersuchung auff\u00e4lliger Befunde wird hierzu in unserer Praxis <strong>in jedem Fall ein<\/strong> Hand-<strong>Dermatoskop<\/strong> (Auflichtmikroskop = spezielle Lupe) <strong>eingesetzt<\/strong>.<\/p>\n\n\n\n<figure class=\"wp-block-image size-full\"><img loading=\"lazy\" decoding=\"async\" width=\"250\" height=\"170\" src=\"https:\/\/figl.de\/wp-content\/uploads\/Dermatoskop.jpg\" alt=\"\" class=\"wp-image-802\"\/><figcaption class=\"wp-element-caption\">Luminis Canfield\u00ae<\/figcaption><\/figure>\n\n\n\n<p><\/p>\n\n\n\n<h2 class=\"wp-block-heading\">Hautkrebs-Fr\u00fcherkennung mit Nevisense\u2122<\/h2>\n\n\n\n<p class=\"textbox\">In den meisten F\u00e4llen k\u00f6nnen die Anzeichen von Melanomen in unserer Praxis allein mithilfe einer visuellen Untersuchung sofort erkannt werden. Die in der Regel \u00fcber ein Dermatoskop&nbsp; gewonnenen visuellen Informationen bilden daher die Grundlage bei der Entscheidung, ob eine weitere Behandlung notwendig ist. In komplizierteren F\u00e4llen werden jedoch unter Umst\u00e4nden zus\u00e4tzliche Informationen ben\u00f6tigt, um eine exakte klinische Diagnose zu erhalten. Nevisense\u2122 liefert sofortige Ergebnisse auf Grundlage objektiver Diagnosedaten, die mit anderen Verfahren nicht zur Verf\u00fcgung stehen w\u00fcrden. Bei der Nevisense\u2122-Methode werden mithilfe kleiner elektrischer Impulse Zellunregelm\u00e4\u00dfigkeiten unterhalb der Hautoberfl\u00e4che erkannt. Die Zuverl\u00e4ssigkeit wurde 2014 in der weltweit gr\u00f6\u00dften Studie ihrer Art zur Melanomerkennung nachgewiesen. Nevisense kann die visuellen Untersuchungen in unserer Praxis sinnvoll erg\u00e4nzen. Objektive Diagnosedaten erm\u00f6glichen in schwierigen F\u00e4llen bessere und genauere Entscheidungen \u00fcber die Diagnose und die Behandlung. Die genauere Messung Ihres Leberflecks erspart Ihnen m\u00f6glicherweise unn\u00f6tige operative Eingriffe und senkt die Gefahr, dass ein potenzielles Melanom \u00fcbersehen wird.<\/p>\n\n\n\n<figure class=\"wp-block-image\"><img loading=\"lazy\" decoding=\"async\" width=\"300\" height=\"147\" src=\"https:\/\/figl.de\/wp-content\/uploads\/Prinzip-Impedanzspektroskopie-in-Haut-300x147.jpg\" alt=\"\" class=\"wp-image-254\" srcset=\"https:\/\/figl.de\/wp-content\/uploads\/Prinzip-Impedanzspektroskopie-in-Haut-300x147.jpg 300w, https:\/\/figl.de\/wp-content\/uploads\/Prinzip-Impedanzspektroskopie-in-Haut-768x375.jpg 768w, https:\/\/figl.de\/wp-content\/uploads\/Prinzip-Impedanzspektroskopie-in-Haut-1024x500.jpg 1024w, https:\/\/figl.de\/wp-content\/uploads\/Prinzip-Impedanzspektroskopie-in-Haut-778x380.jpg 778w, https:\/\/figl.de\/wp-content\/uploads\/Prinzip-Impedanzspektroskopie-in-Haut.jpg 1200w\" sizes=\"auto, (max-width: 300px) 100vw, 300px\" \/><\/figure>\n\n\n\n<figure class=\"wp-block-image\"><img loading=\"lazy\" decoding=\"async\" width=\"300\" height=\"171\" src=\"https:\/\/figl.de\/wp-content\/uploads\/Arzt-untersucht-Oberarm-mit-Nevisense-im-Bild-300x171.jpg\" alt=\"\" class=\"wp-image-255\" srcset=\"https:\/\/figl.de\/wp-content\/uploads\/Arzt-untersucht-Oberarm-mit-Nevisense-im-Bild-300x171.jpg 300w, https:\/\/figl.de\/wp-content\/uploads\/Arzt-untersucht-Oberarm-mit-Nevisense-im-Bild-665x380.jpg 665w, https:\/\/figl.de\/wp-content\/uploads\/Arzt-untersucht-Oberarm-mit-Nevisense-im-Bild.jpg 700w\" sizes=\"auto, (max-width: 300px) 100vw, 300px\" \/><\/figure>\n\n\n\n<p><\/p>\n\n\n\n<h2 class=\"wp-block-heading\">Digitale Dermatoskopie<\/h2>\n\n\n\n<p>Zus\u00e4tzlich kann eine moderne digitale Dermatoskopie erfolgen. Durch die st\u00e4rkere Vergr\u00f6\u00dferung k\u00f6nnen Hautver\u00e4nderungen hierbei besser beurteilt werden. Weiterhin stehen die digital gespeicherten dermatoskopischen Aufnahmen zur exakten Verlaufskontrolle mit Bildvergleich bei der n\u00e4chsten Vorstellung zur Verf\u00fcgung. So kann h\u00e4ufig eine prophylaktische operative Entfernung von Muttermalen vermieden werden.<\/p>\n\n\n\n<figure class=\"wp-block-image size-full\"><img loading=\"lazy\" decoding=\"async\" width=\"402\" height=\"226\" src=\"https:\/\/figl.de\/wp-content\/uploads\/DermaGraphix.png\" alt=\"\" class=\"wp-image-805\" srcset=\"https:\/\/figl.de\/wp-content\/uploads\/DermaGraphix.png 402w, https:\/\/figl.de\/wp-content\/uploads\/DermaGraphix-300x169.png 300w\" sizes=\"auto, (max-width: 402px) 100vw, 402px\" \/><figcaption class=\"wp-element-caption\">DermaGraphix\u00ae<\/figcaption><\/figure>\n\n\n\n<p><\/p>\n\n\n\n<p class=\"textbox\">Im Rahmen der <strong>privaten Krankenversicherung<\/strong> ist in der Regel die <strong>j\u00e4hrliche Hautkrebsvorsorge<\/strong> <strong>einschlie\u00dflich<\/strong> der <strong>digitalen Dermatoskopie und<\/strong> der <strong>Nevisense\u2122<\/strong>-Untersuchung f\u00fcr Patienten in jedem Alter <strong>abgedeckt<\/strong>.<\/p>\n\n\n\n<p>Die <strong>Hautkrebsvorsorge<\/strong> ist eine Leistung aller <strong>gesetzlichen Krankenkassen<\/strong> f\u00fcr Patienten <strong>ab<\/strong> einem Alter von <strong>35 Jahre<\/strong>n und <strong>in jedem 2. Kalenderjahr<\/strong>.<br>\n<strong>Einige<\/strong> Krankenkassen \u00fcbernehmen die Hautkrebsvorsorge <strong>auch<\/strong> f\u00fcr <strong>j\u00fcngere<\/strong> Patienten.<\/p>\n\n\n\n<p><strong>Nicht enthalten<\/strong> in dieser Leistung der gesetzlichen Krankenkassen ist die <strong>digitale Dermatoskopie und<\/strong> die Elektrische Impedanzsprektroskopie (<strong>Nevisense \u2122<\/strong>) . Diese k\u00f6nnen als individuelle Gesundheitsleistungen auf eigene Kosten in Anspruch genommen werden.<\/p>\n","protected":false},"excerpt":{"rendered":"<p>Die Erkennung und Behandlung von gut- und b\u00f6sartigen Tumoren der Haut ist ein wesentlicher T\u00e4tigkeitsschwerpunkt unserer Praxis. Die Hautkrebsvorsorge ist eine Untersuchung der gesamten K\u00f6rperhaut in Hinblick auf: Zur genaueren Untersuchung auff\u00e4lliger Befunde wird hierzu in unserer Praxis in jedem Fall ein Hand-Dermatoskop (Auflichtmikroskop = spezielle Lupe) eingesetzt. Hautkrebs-Fr\u00fcherkennung mit Nevisense\u2122 In den meisten F\u00e4llen &hellip; <a href=\"https:\/\/figl.de\/index.php\/hautkrebsvorsorge\/\" class=\"more-link\">Weiterlesen <span class=\"screen-reader-text\">Hautkrebsvorsorge<\/span><\/a><\/p>\n","protected":false},"author":1,"featured_media":0,"parent":0,"menu_order":0,"comment_status":"closed","ping_status":"closed","template":"","meta":{"footnotes":""},"class_list":["post-164","page","type-page","status-publish","hentry","without-featured-image"],"yoast_head":"<!-- This site is optimized with the Yoast SEO plugin v26.8 - https:\/\/yoast.com\/product\/yoast-seo-wordpress\/ -->\n<title>Hautkrebsvorsorge | Praxis Drs. Figl Karlsruhe<\/title>\n<meta name=\"description\" content=\"Die Erkennung und Behandlung von gut- und b\u00f6sartigen Tumoren der Haut ist ein wesentlicher T\u00e4tigkeitsschwerpunkt unserer Praxis. Beim Hautkrebsscreening setzen wir in jedem Falle ein Handdermatoskop ein. Dar\u00fcber hinaus stehen moderne technische Verfahren wie digitale Dermatoskopie und Nevisense zur Verf\u00fcgung.\" \/>\n<meta name=\"robots\" content=\"index, follow, max-snippet:-1, max-image-preview:large, max-video-preview:-1\" \/>\n<link rel=\"canonical\" href=\"https:\/\/figl.de\/index.php\/hautkrebsvorsorge\/\" \/>\n<meta property=\"og:locale\" content=\"de_DE\" \/>\n<meta property=\"og:type\" content=\"article\" \/>\n<meta property=\"og:title\" content=\"Hautkrebsvorsorge | Praxis Drs. Figl Karlsruhe\" \/>\n<meta property=\"og:description\" content=\"Die Erkennung und Behandlung von gut- und b\u00f6sartigen Tumoren der Haut ist ein wesentlicher T\u00e4tigkeitsschwerpunkt unserer Praxis. Beim Hautkrebsscreening setzen wir in jedem Falle ein Handdermatoskop ein. Dar\u00fcber hinaus stehen moderne technische Verfahren wie digitale Dermatoskopie und Nevisense zur Verf\u00fcgung.\" \/>\n<meta property=\"og:url\" content=\"https:\/\/figl.de\/index.php\/hautkrebsvorsorge\/\" \/>\n<meta property=\"og:site_name\" content=\"Praxis Drs. Figl Karlsruhe\" \/>\n<meta property=\"article:modified_time\" content=\"2025-08-06T06:13:22+00:00\" \/>\n<meta property=\"og:image\" content=\"https:\/\/figl.de\/wp-content\/uploads\/Dermatoskop.jpg\" \/>\n\t<meta property=\"og:image:width\" content=\"250\" \/>\n\t<meta property=\"og:image:height\" content=\"170\" \/>\n\t<meta property=\"og:image:type\" content=\"image\/jpeg\" \/>\n<meta name=\"twitter:card\" content=\"summary_large_image\" \/>\n<meta name=\"twitter:label1\" content=\"Gesch\u00e4tzte Lesezeit\" \/>\n\t<meta name=\"twitter:data1\" content=\"3\u00a0Minuten\" \/>\n<script type=\"application\/ld+json\" class=\"yoast-schema-graph\">{\"@context\":\"https:\/\/schema.org\",\"@graph\":[{\"@type\":\"WebPage\",\"@id\":\"https:\/\/figl.de\/index.php\/hautkrebsvorsorge\/\",\"url\":\"https:\/\/figl.de\/index.php\/hautkrebsvorsorge\/\",\"name\":\"Hautkrebsvorsorge | Praxis Drs. Figl Karlsruhe\",\"isPartOf\":{\"@id\":\"https:\/\/figl.de\/#website\"},\"primaryImageOfPage\":{\"@id\":\"https:\/\/figl.de\/index.php\/hautkrebsvorsorge\/#primaryimage\"},\"image\":{\"@id\":\"https:\/\/figl.de\/index.php\/hautkrebsvorsorge\/#primaryimage\"},\"thumbnailUrl\":\"https:\/\/figl.de\/wp-content\/uploads\/Dermatoskop.jpg\",\"datePublished\":\"2018-03-03T10:55:32+00:00\",\"dateModified\":\"2025-08-06T06:13:22+00:00\",\"description\":\"Die Erkennung und Behandlung von gut- und b\u00f6sartigen Tumoren der Haut ist ein wesentlicher T\u00e4tigkeitsschwerpunkt unserer Praxis. Beim Hautkrebsscreening setzen wir in jedem Falle ein Handdermatoskop ein. Dar\u00fcber hinaus stehen moderne technische Verfahren wie digitale Dermatoskopie und Nevisense zur Verf\u00fcgung.\",\"breadcrumb\":{\"@id\":\"https:\/\/figl.de\/index.php\/hautkrebsvorsorge\/#breadcrumb\"},\"inLanguage\":\"de\",\"potentialAction\":[{\"@type\":\"ReadAction\",\"target\":[\"https:\/\/figl.de\/index.php\/hautkrebsvorsorge\/\"]}]},{\"@type\":\"ImageObject\",\"inLanguage\":\"de\",\"@id\":\"https:\/\/figl.de\/index.php\/hautkrebsvorsorge\/#primaryimage\",\"url\":\"https:\/\/figl.de\/wp-content\/uploads\/Dermatoskop.jpg\",\"contentUrl\":\"https:\/\/figl.de\/wp-content\/uploads\/Dermatoskop.jpg\",\"width\":250,\"height\":170},{\"@type\":\"BreadcrumbList\",\"@id\":\"https:\/\/figl.de\/index.php\/hautkrebsvorsorge\/#breadcrumb\",\"itemListElement\":[{\"@type\":\"ListItem\",\"position\":1,\"name\":\"Startseite\",\"item\":\"https:\/\/figl.de\/\"},{\"@type\":\"ListItem\",\"position\":2,\"name\":\"Hautkrebsvorsorge\"}]},{\"@type\":\"WebSite\",\"@id\":\"https:\/\/figl.de\/#website\",\"url\":\"https:\/\/figl.de\/\",\"name\":\"Praxis Drs. Figl Karlsruhe\",\"description\":\"Ihre Haut\u00e4rzte\",\"potentialAction\":[{\"@type\":\"SearchAction\",\"target\":{\"@type\":\"EntryPoint\",\"urlTemplate\":\"https:\/\/figl.de\/?s={search_term_string}\"},\"query-input\":{\"@type\":\"PropertyValueSpecification\",\"valueRequired\":true,\"valueName\":\"search_term_string\"}}],\"inLanguage\":\"de\"}]}<\/script>\n<!-- \/ Yoast SEO plugin. -->","yoast_head_json":{"title":"Hautkrebsvorsorge | Praxis Drs. Figl Karlsruhe","description":"Die Erkennung und Behandlung von gut- und b\u00f6sartigen Tumoren der Haut ist ein wesentlicher T\u00e4tigkeitsschwerpunkt unserer Praxis. Beim Hautkrebsscreening setzen wir in jedem Falle ein Handdermatoskop ein. Dar\u00fcber hinaus stehen moderne technische Verfahren wie digitale Dermatoskopie und Nevisense zur Verf\u00fcgung.","robots":{"index":"index","follow":"follow","max-snippet":"max-snippet:-1","max-image-preview":"max-image-preview:large","max-video-preview":"max-video-preview:-1"},"canonical":"https:\/\/figl.de\/index.php\/hautkrebsvorsorge\/","og_locale":"de_DE","og_type":"article","og_title":"Hautkrebsvorsorge | Praxis Drs. Figl Karlsruhe","og_description":"Die Erkennung und Behandlung von gut- und b\u00f6sartigen Tumoren der Haut ist ein wesentlicher T\u00e4tigkeitsschwerpunkt unserer Praxis. Beim Hautkrebsscreening setzen wir in jedem Falle ein Handdermatoskop ein. Dar\u00fcber hinaus stehen moderne technische Verfahren wie digitale Dermatoskopie und Nevisense zur Verf\u00fcgung.","og_url":"https:\/\/figl.de\/index.php\/hautkrebsvorsorge\/","og_site_name":"Praxis Drs. Figl Karlsruhe","article_modified_time":"2025-08-06T06:13:22+00:00","og_image":[{"width":250,"height":170,"url":"https:\/\/figl.de\/wp-content\/uploads\/Dermatoskop.jpg","type":"image\/jpeg"}],"twitter_card":"summary_large_image","twitter_misc":{"Gesch\u00e4tzte Lesezeit":"3\u00a0Minuten"},"schema":{"@context":"https:\/\/schema.org","@graph":[{"@type":"WebPage","@id":"https:\/\/figl.de\/index.php\/hautkrebsvorsorge\/","url":"https:\/\/figl.de\/index.php\/hautkrebsvorsorge\/","name":"Hautkrebsvorsorge | Praxis Drs. Figl Karlsruhe","isPartOf":{"@id":"https:\/\/figl.de\/#website"},"primaryImageOfPage":{"@id":"https:\/\/figl.de\/index.php\/hautkrebsvorsorge\/#primaryimage"},"image":{"@id":"https:\/\/figl.de\/index.php\/hautkrebsvorsorge\/#primaryimage"},"thumbnailUrl":"https:\/\/figl.de\/wp-content\/uploads\/Dermatoskop.jpg","datePublished":"2018-03-03T10:55:32+00:00","dateModified":"2025-08-06T06:13:22+00:00","description":"Die Erkennung und Behandlung von gut- und b\u00f6sartigen Tumoren der Haut ist ein wesentlicher T\u00e4tigkeitsschwerpunkt unserer Praxis. Beim Hautkrebsscreening setzen wir in jedem Falle ein Handdermatoskop ein. Dar\u00fcber hinaus stehen moderne technische Verfahren wie digitale Dermatoskopie und Nevisense zur Verf\u00fcgung.","breadcrumb":{"@id":"https:\/\/figl.de\/index.php\/hautkrebsvorsorge\/#breadcrumb"},"inLanguage":"de","potentialAction":[{"@type":"ReadAction","target":["https:\/\/figl.de\/index.php\/hautkrebsvorsorge\/"]}]},{"@type":"ImageObject","inLanguage":"de","@id":"https:\/\/figl.de\/index.php\/hautkrebsvorsorge\/#primaryimage","url":"https:\/\/figl.de\/wp-content\/uploads\/Dermatoskop.jpg","contentUrl":"https:\/\/figl.de\/wp-content\/uploads\/Dermatoskop.jpg","width":250,"height":170},{"@type":"BreadcrumbList","@id":"https:\/\/figl.de\/index.php\/hautkrebsvorsorge\/#breadcrumb","itemListElement":[{"@type":"ListItem","position":1,"name":"Startseite","item":"https:\/\/figl.de\/"},{"@type":"ListItem","position":2,"name":"Hautkrebsvorsorge"}]},{"@type":"WebSite","@id":"https:\/\/figl.de\/#website","url":"https:\/\/figl.de\/","name":"Praxis Drs. Figl Karlsruhe","description":"Ihre Haut\u00e4rzte","potentialAction":[{"@type":"SearchAction","target":{"@type":"EntryPoint","urlTemplate":"https:\/\/figl.de\/?s={search_term_string}"},"query-input":{"@type":"PropertyValueSpecification","valueRequired":true,"valueName":"search_term_string"}}],"inLanguage":"de"}]}},"_links":{"self":[{"href":"https:\/\/figl.de\/index.php\/wp-json\/wp\/v2\/pages\/164","targetHints":{"allow":["GET"]}}],"collection":[{"href":"https:\/\/figl.de\/index.php\/wp-json\/wp\/v2\/pages"}],"about":[{"href":"https:\/\/figl.de\/index.php\/wp-json\/wp\/v2\/types\/page"}],"author":[{"embeddable":true,"href":"https:\/\/figl.de\/index.php\/wp-json\/wp\/v2\/users\/1"}],"replies":[{"embeddable":true,"href":"https:\/\/figl.de\/index.php\/wp-json\/wp\/v2\/comments?post=164"}],"version-history":[{"count":21,"href":"https:\/\/figl.de\/index.php\/wp-json\/wp\/v2\/pages\/164\/revisions"}],"predecessor-version":[{"id":852,"href":"https:\/\/figl.de\/index.php\/wp-json\/wp\/v2\/pages\/164\/revisions\/852"}],"wp:attachment":[{"href":"https:\/\/figl.de\/index.php\/wp-json\/wp\/v2\/media?parent=164"}],"curies":[{"name":"wp","href":"https:\/\/api.w.org\/{rel}","templated":true}]}}