{"id":177,"date":"2018-03-03T11:58:03","date_gmt":"2018-03-03T10:58:03","guid":{"rendered":"http:\/\/figl.de\/v2\/?page_id=177"},"modified":"2018-04-21T17:17:27","modified_gmt":"2018-04-21T15:17:27","slug":"ambulante-operationen","status":"publish","type":"page","link":"https:\/\/figl.de\/index.php\/ambulante-operationen\/","title":{"rendered":"Ambulante Operationen"},"content":{"rendered":"<p>In unserem Eingriffsraum f\u00fchren wir ambulante Operationen in \u00f6rtlicher Bet\u00e4ubung bei gutartigen und b\u00f6sartigen Hautver\u00e4nderungen durch. Nach einem ausf\u00fchrlichen Beratungsgespr\u00e4ch \u00fcber alle in Frage kommenden Therapiem\u00f6glichkeiten werden Sie \u00fcber den geplanten Eingriff aufgekl\u00e4rt.<\/p>\n<p><img loading=\"lazy\" decoding=\"async\" class=\"alignnone wp-image-209 size-medium\" src=\"http:\/\/figl.de\/wp-content\/uploads\/2018\/03\/Behandlung_2-200x300.jpg\" alt=\"\" width=\"200\" height=\"300\" srcset=\"https:\/\/figl.de\/wp-content\/uploads\/2018\/03\/Behandlung_2-200x300.jpg 200w, https:\/\/figl.de\/wp-content\/uploads\/2018\/03\/Behandlung_2-253x380.jpg 253w, https:\/\/figl.de\/wp-content\/uploads\/2018\/03\/Behandlung_2.jpg 600w\" sizes=\"auto, (max-width: 200px) 100vw, 200px\" \/><\/p>\n","protected":false},"excerpt":{"rendered":"<p>In unserem Eingriffsraum f\u00fchren wir ambulante Operationen in \u00f6rtlicher Bet\u00e4ubung bei gutartigen und b\u00f6sartigen Hautver\u00e4nderungen durch. Nach einem ausf\u00fchrlichen Beratungsgespr\u00e4ch \u00fcber alle in Frage kommenden Therapiem\u00f6glichkeiten werden Sie \u00fcber den geplanten Eingriff aufgekl\u00e4rt.<\/p>\n","protected":false},"author":1,"featured_media":0,"parent":0,"menu_order":0,"comment_status":"closed","ping_status":"closed","template":"","meta":{"footnotes":""},"class_list":["post-177","page","type-page","status-publish","hentry","without-featured-image"],"yoast_head":"<!-- This site is optimized with the Yoast SEO plugin v26.8 - https:\/\/yoast.com\/product\/yoast-seo-wordpress\/ -->\n<title>Ambulante Operationen | Praxis Drs. Figl Karlsruhe<\/title>\n<meta name=\"description\" content=\"In unserem mit modernster Technik ausgestatteten Eingriffsraum-OP f\u00fchren wir ambulante Operationen in entspannter Atmosph\u00e4re durch.\" \/>\n<meta name=\"robots\" content=\"index, follow, max-snippet:-1, max-image-preview:large, max-video-preview:-1\" \/>\n<link rel=\"canonical\" href=\"https:\/\/figl.de\/index.php\/ambulante-operationen\/\" \/>\n<meta property=\"og:locale\" content=\"de_DE\" \/>\n<meta property=\"og:type\" content=\"article\" \/>\n<meta property=\"og:title\" content=\"Ambulante Operationen | Praxis Drs. Figl Karlsruhe\" \/>\n<meta property=\"og:description\" content=\"In unserem mit modernster Technik ausgestatteten Eingriffsraum-OP f\u00fchren wir ambulante Operationen in entspannter Atmosph\u00e4re durch.\" \/>\n<meta property=\"og:url\" content=\"https:\/\/figl.de\/index.php\/ambulante-operationen\/\" \/>\n<meta property=\"og:site_name\" content=\"Praxis Drs. Figl Karlsruhe\" \/>\n<meta property=\"article:modified_time\" content=\"2018-04-21T15:17:27+00:00\" \/>\n<meta property=\"og:image\" content=\"http:\/\/figl.de\/wp-content\/uploads\/2018\/03\/Behandlung_2-200x300.jpg\" \/>\n<meta name=\"twitter:card\" content=\"summary_large_image\" \/>\n<script type=\"application\/ld+json\" class=\"yoast-schema-graph\">{\"@context\":\"https:\/\/schema.org\",\"@graph\":[{\"@type\":\"WebPage\",\"@id\":\"https:\/\/figl.de\/index.php\/ambulante-operationen\/\",\"url\":\"https:\/\/figl.de\/index.php\/ambulante-operationen\/\",\"name\":\"Ambulante Operationen | Praxis Drs. Figl Karlsruhe\",\"isPartOf\":{\"@id\":\"https:\/\/figl.de\/#website\"},\"primaryImageOfPage\":{\"@id\":\"https:\/\/figl.de\/index.php\/ambulante-operationen\/#primaryimage\"},\"image\":{\"@id\":\"https:\/\/figl.de\/index.php\/ambulante-operationen\/#primaryimage\"},\"thumbnailUrl\":\"http:\/\/figl.de\/wp-content\/uploads\/2018\/03\/Behandlung_2-200x300.jpg\",\"datePublished\":\"2018-03-03T10:58:03+00:00\",\"dateModified\":\"2018-04-21T15:17:27+00:00\",\"description\":\"In unserem mit modernster Technik ausgestatteten Eingriffsraum-OP f\u00fchren wir ambulante Operationen in entspannter Atmosph\u00e4re durch.\",\"breadcrumb\":{\"@id\":\"https:\/\/figl.de\/index.php\/ambulante-operationen\/#breadcrumb\"},\"inLanguage\":\"de\",\"potentialAction\":[{\"@type\":\"ReadAction\",\"target\":[\"https:\/\/figl.de\/index.php\/ambulante-operationen\/\"]}]},{\"@type\":\"ImageObject\",\"inLanguage\":\"de\",\"@id\":\"https:\/\/figl.de\/index.php\/ambulante-operationen\/#primaryimage\",\"url\":\"https:\/\/figl.de\/wp-content\/uploads\/2018\/03\/Behandlung_2.jpg\",\"contentUrl\":\"https:\/\/figl.de\/wp-content\/uploads\/2018\/03\/Behandlung_2.jpg\",\"width\":600,\"height\":902,\"caption\":\"Eingriffsraum-OP\"},{\"@type\":\"BreadcrumbList\",\"@id\":\"https:\/\/figl.de\/index.php\/ambulante-operationen\/#breadcrumb\",\"itemListElement\":[{\"@type\":\"ListItem\",\"position\":1,\"name\":\"Startseite\",\"item\":\"https:\/\/figl.de\/\"},{\"@type\":\"ListItem\",\"position\":2,\"name\":\"Ambulante Operationen\"}]},{\"@type\":\"WebSite\",\"@id\":\"https:\/\/figl.de\/#website\",\"url\":\"https:\/\/figl.de\/\",\"name\":\"Praxis Drs. Figl Karlsruhe\",\"description\":\"Ihre Haut\u00e4rzte\",\"potentialAction\":[{\"@type\":\"SearchAction\",\"target\":{\"@type\":\"EntryPoint\",\"urlTemplate\":\"https:\/\/figl.de\/?s={search_term_string}\"},\"query-input\":{\"@type\":\"PropertyValueSpecification\",\"valueRequired\":true,\"valueName\":\"search_term_string\"}}],\"inLanguage\":\"de\"}]}<\/script>\n<!-- \/ Yoast SEO plugin. -->","yoast_head_json":{"title":"Ambulante Operationen | Praxis Drs. Figl Karlsruhe","description":"In unserem mit modernster Technik ausgestatteten Eingriffsraum-OP f\u00fchren wir ambulante Operationen in entspannter Atmosph\u00e4re durch.","robots":{"index":"index","follow":"follow","max-snippet":"max-snippet:-1","max-image-preview":"max-image-preview:large","max-video-preview":"max-video-preview:-1"},"canonical":"https:\/\/figl.de\/index.php\/ambulante-operationen\/","og_locale":"de_DE","og_type":"article","og_title":"Ambulante Operationen | Praxis Drs. Figl Karlsruhe","og_description":"In unserem mit modernster Technik ausgestatteten Eingriffsraum-OP f\u00fchren wir ambulante Operationen in entspannter Atmosph\u00e4re durch.","og_url":"https:\/\/figl.de\/index.php\/ambulante-operationen\/","og_site_name":"Praxis Drs. Figl Karlsruhe","article_modified_time":"2018-04-21T15:17:27+00:00","og_image":[{"url":"http:\/\/figl.de\/wp-content\/uploads\/2018\/03\/Behandlung_2-200x300.jpg","type":"","width":"","height":""}],"twitter_card":"summary_large_image","schema":{"@context":"https:\/\/schema.org","@graph":[{"@type":"WebPage","@id":"https:\/\/figl.de\/index.php\/ambulante-operationen\/","url":"https:\/\/figl.de\/index.php\/ambulante-operationen\/","name":"Ambulante Operationen | Praxis Drs. Figl Karlsruhe","isPartOf":{"@id":"https:\/\/figl.de\/#website"},"primaryImageOfPage":{"@id":"https:\/\/figl.de\/index.php\/ambulante-operationen\/#primaryimage"},"image":{"@id":"https:\/\/figl.de\/index.php\/ambulante-operationen\/#primaryimage"},"thumbnailUrl":"http:\/\/figl.de\/wp-content\/uploads\/2018\/03\/Behandlung_2-200x300.jpg","datePublished":"2018-03-03T10:58:03+00:00","dateModified":"2018-04-21T15:17:27+00:00","description":"In unserem mit modernster Technik ausgestatteten Eingriffsraum-OP f\u00fchren wir ambulante Operationen in entspannter Atmosph\u00e4re durch.","breadcrumb":{"@id":"https:\/\/figl.de\/index.php\/ambulante-operationen\/#breadcrumb"},"inLanguage":"de","potentialAction":[{"@type":"ReadAction","target":["https:\/\/figl.de\/index.php\/ambulante-operationen\/"]}]},{"@type":"ImageObject","inLanguage":"de","@id":"https:\/\/figl.de\/index.php\/ambulante-operationen\/#primaryimage","url":"https:\/\/figl.de\/wp-content\/uploads\/2018\/03\/Behandlung_2.jpg","contentUrl":"https:\/\/figl.de\/wp-content\/uploads\/2018\/03\/Behandlung_2.jpg","width":600,"height":902,"caption":"Eingriffsraum-OP"},{"@type":"BreadcrumbList","@id":"https:\/\/figl.de\/index.php\/ambulante-operationen\/#breadcrumb","itemListElement":[{"@type":"ListItem","position":1,"name":"Startseite","item":"https:\/\/figl.de\/"},{"@type":"ListItem","position":2,"name":"Ambulante Operationen"}]},{"@type":"WebSite","@id":"https:\/\/figl.de\/#website","url":"https:\/\/figl.de\/","name":"Praxis Drs. Figl Karlsruhe","description":"Ihre Haut\u00e4rzte","potentialAction":[{"@type":"SearchAction","target":{"@type":"EntryPoint","urlTemplate":"https:\/\/figl.de\/?s={search_term_string}"},"query-input":{"@type":"PropertyValueSpecification","valueRequired":true,"valueName":"search_term_string"}}],"inLanguage":"de"}]}},"_links":{"self":[{"href":"https:\/\/figl.de\/index.php\/wp-json\/wp\/v2\/pages\/177","targetHints":{"allow":["GET"]}}],"collection":[{"href":"https:\/\/figl.de\/index.php\/wp-json\/wp\/v2\/pages"}],"about":[{"href":"https:\/\/figl.de\/index.php\/wp-json\/wp\/v2\/types\/page"}],"author":[{"embeddable":true,"href":"https:\/\/figl.de\/index.php\/wp-json\/wp\/v2\/users\/1"}],"replies":[{"embeddable":true,"href":"https:\/\/figl.de\/index.php\/wp-json\/wp\/v2\/comments?post=177"}],"version-history":[{"count":3,"href":"https:\/\/figl.de\/index.php\/wp-json\/wp\/v2\/pages\/177\/revisions"}],"predecessor-version":[{"id":232,"href":"https:\/\/figl.de\/index.php\/wp-json\/wp\/v2\/pages\/177\/revisions\/232"}],"wp:attachment":[{"href":"https:\/\/figl.de\/index.php\/wp-json\/wp\/v2\/media?parent=177"}],"curies":[{"name":"wp","href":"https:\/\/api.w.org\/{rel}","templated":true}]}}