{"id":338,"date":"2018-05-19T08:13:01","date_gmt":"2018-05-19T06:13:01","guid":{"rendered":"http:\/\/figl.de\/?page_id=338"},"modified":"2018-06-03T12:25:17","modified_gmt":"2018-06-03T10:25:17","slug":"datenschutzerklaerung","status":"publish","type":"page","link":"https:\/\/figl.de\/index.php\/datenschutzerklaerung\/","title":{"rendered":"Datenschutzerkl\u00e4rung"},"content":{"rendered":"<p>Der Schutz Ihrer personenbezogenen Daten ist uns wichtig. Wir m\u00f6chten Sie deshalb hier dar\u00fcber aufkl\u00e4ren, welche Daten wir speichern, wenn Sie unsere Website besuchen, warum wir das tun und wann die Daten wieder gel\u00f6scht werden. Personenbezogene Daten sind alle Informationen zu einer namentlich genannten oder identifizierbaren Person. Hierzu geh\u00f6ren etwa der Name, die Adresse oder Telefonnummer, aber auch die IP-Adresse des Rechners, mit dem Sie unsere Website aufrufen.<\/p>\n<h3>Verantwortlicher:<\/h3>\n<p>F\u00fcr die Verarbeitung von Daten, die auf unserer Website erhoben werden, sind Dr. Robert Figl und Dr. Adina Figl verantwortlich.<\/p>\n<h3>Datenschutzbeauftragter:<\/h3>\n<p>datenschutzbeauftragter[at]hautarzt-karlsruhe.de<\/p>\n<h3>Technische Daten:<\/h3>\n<p>Wenn Sie unsere Website aufrufen, werden allgemeine Daten und Informationen in den Logfiles des Servers gespeichert. Erfasst werden dabei unter Umst\u00e4nden der von Ihnen verwendete Browsertyp und seine Version, das von Ihnen verwendete Betriebssystem, die Internetseite, von der aus Sie unsere Website aufgerufen haben, das Datum und die Uhrzeit eines Zugriffs auf unsere Website, Ihre zum Zeitpunkt des Zugriffs verwendete Internet-Protokoll-Adresse (IP-Adresse) und Ihr Internet-Service-Provider.<br \/>\nDie Erhebung der Daten ist technisch notwendig, um von Ihnen angeforderte Inhalte von Webseiten korrekt auszuliefern und fallen bei Nutzung des Internets zwingend an. Die Daten der Server-Logfiles werden getrennt von allen anderen durch eine betroffene Person wom\u00f6glich an anderer Stelle eingegebenen personenbezogenen Daten gespeichert. Bei der Nutzung dieser allgemeinen Daten und Informationen ziehen wir keine R\u00fcckschl\u00fcsse auf die betroffene Person.<br \/>\nDie Verarbeitung erfolgt auf der Grundlage von Art. 6 Abs. 1 lit. f DSGVO. Das berechtigte Interesse ergibt sich daraus, dass Sie ohne die vor\u00fcbergehende Speicherung der Daten unsere Website gar nicht aufrufen k\u00f6nnten.<br \/>\nDie zuvor beschriebenen technischen Daten werden nach drei Tagen gel\u00f6scht. Etwas anderes gilt nur dann, wenn wir Sie in der vorliegenden Datenschutzerkl\u00e4rung dar\u00fcber aufkl\u00e4ren, dass die Daten wom\u00f6glich f\u00fcr andere Zwecke (etwa f\u00fcr eine Analyse) noch ben\u00f6tigt werden.<\/p>\n<p>Die Bereitstellung dieser technischen Daten ist weder gesetzlich noch vertraglich vorgeschrieben oder f\u00fcr einen Vertragsabschluss erforderlich. Sie sind nicht verpflichtet, die personenbezogenen Daten bereitzustellen. Wenn Ihr System die erforderlichen Informationen nicht oder nicht vollst\u00e4ndig zur Verf\u00fcgung stellt, kann das dazu f\u00fchren, dass unsere Website nicht oder nicht vollst\u00e4ndig aufgerufen werden kann.<\/p>\n<h3>Kontaktformular:<\/h3>\n<p>Wir bieten auf unserer Website ein Kontaktformular an. Wenn Sie in das Formular die dort abgefragten Daten eingeben, erhalten wir eine Nachricht mit dem Inhalt Ihrer Anfrage. Wir speichern die Daten und verwenden Sie, um Ihre Anfrage zu bearbeiten.<\/p>\n<p>Die Verarbeitung erfolgt auf der Grundlage von Art. 6 Abs. 1 lit. b, 9 Abs. 2 lit. h DSGVO.<\/p>\n<p>Die Daten werden von uns gel\u00f6scht, wenn sie f\u00fcr die Bearbeitung eines uns etwa erteilten Auftrags nicht mehr ben\u00f6tigt werden. Steht fest, dass ein Auftrag nicht zustande kommt, werden die Daten unverz\u00fcglich gel\u00f6scht.<\/p>\n<p>Die Bereitstellung Ihrer Daten \u00fcber das Kontaktformular ist weder gesetzlich noch vertraglich vorgeschrieben und f\u00fcr einen Vertragsabschluss auch nicht erforderlich. Sie sind nicht verpflichtet ist, die personenbezogenen Daten bereitzustellen. Wenn Sie allerdings die im Kontaktformular erbetenen Informationen nicht oder nicht vollst\u00e4ndig zur Verf\u00fcgung stellen, kann das dazu f\u00fchren, dass wir uns mit Ihnen nicht in Verbindung setzen und\/oder eine Terminvergabe nicht durchf\u00fchren k\u00f6nnen.<\/p>\n<h3>Cookies:<\/h3>\n<p>F\u00fcr unseren Internetauftritt nutzen wir Cookies. Cookies sind Textdateien, die im Rahmen Ihres Besuchs unserer Internetseiten von unserem Webserver an Ihren Browser gesandt und von diesem auf Ihrem Rechner f\u00fcr einen sp\u00e4teren Abruf vorgehalten werden. Ihr Name wird dabei nicht \u00fcbermittelt.<br \/>\nOb wir Cookies einsetzen k\u00f6nnen, k\u00f6nnen Sie durch die Einstellungen in Ihrem Browser selbst bestimmen. Sie k\u00f6nnen in Ihrem Browser das Speichern von Cookies vollst\u00e4ndig deaktivieren, es auf bestimmte Websites beschr\u00e4nken oder Ihren Browser so konfigurieren, dass er Sie automatisch benachrichtigt, sobald ein Cookie gesetzt werden soll.<br \/>\nCookies dienen dazu, das Besuchsverhalten des Nutzers einer Website nachvollziehen zu k\u00f6nnen. Bei der Verwendung von Cookies werden unter Umst\u00e4nden Daten verarbeitet, die den Nutzer erkennbar machen, auch wenn die Daten pseudonymisiert werden.<br \/>\nDie Verarbeitung erfolgt auf der Grundlage von Art. 6 Abs. 1 lit. f DSGVO. Das berechtigte Interesse, das wir mit der Verarbeitung verfolgen, besteht darin, unsere Website bedarfsgerecht zu gestalten und die von Ihnen abgerufenen Angebote auf der Website zu ermitteln.<br \/>\nSoweit Cookies von uns eingesetzt werden, werden sie beim Beenden der Browsersitzung automatisch oder nach einer fest vorgegebenen Zeit gel\u00f6scht. Detaillierte Informationen zu den von uns eingesetzten Cookies k\u00f6nnen Sie Ihrem Browser entnehmen. Cookies lassen sich zudem \u00fcber eine von Ihrem Browser bereitgestellte L\u00f6schfunktion von Ihrem System manuell entfernen.<br \/>\nDer Einsatz von Cookies ist weder gesetzlich noch vertraglich vorgeschrieben und f\u00fcr einen Vertragsabschluss auch nicht erforderlich. Sie sind nicht verpflichtet ist, die personenbezogenen Daten bereitzustellen. Wenn Sie allerdings den Einsatz von Cookies nicht zulassen, kann das dazu f\u00fchren, dass einige Funktionen der Website nicht oder nicht richtig funktionieren und\/oder bestimmte Inhalte nicht oder nicht richtig angezeigt werden.<\/p>\n<h3>Webalizer:<\/h3>\n<p>Auf den technischen Daten aufbauend verwenden wir das Tool \u00bbWebalizer\u00ab, eine Web-Analysesoftware zur statistischen Auswertung der Zugriffe von Nutzern auf unser Angebot. Die generierten Statistiken enthalten regelm\u00e4\u00dfig folgende Informationen: Anfragen, Besuche, Verweise, Herkunftsl\u00e4nder der Anfragen und die Menge der ausgelieferten Daten. Diese Statistiken k\u00f6nnen sowohl grafisch als auch textuell betrachtet werden und sind auf unterschiedlichen Zeitskalen (Stunden, Tage, Monate, Jahre) dargestellt.<\/p>\n<p>Eine Zusammenf\u00fchrung dieser Auswertungen mit anderen Datenquellen, insbesondere mit personenbezogenen Daten, wird nicht vorgenommen. Die erzeugten Informationen werden bei unserem Provider auf einem Server in Deutschland verarbeitet. Eine Weitergabe an Dritte findet nicht statt.<\/p>\n<p>Die Verarbeitung erfolgt auf der Grundlage von Art. 6 Abs. 1 lit. f DSGVO. Wir haben ein berechtigtes Interesse daran, den Nutzungsumfang unserer Angebote im Internet abzusch\u00e4tzen und diese bedarfsgerecht zu gestalten.<\/p>\n<p>Die Daten werden von uns gel\u00f6scht, sobald sie f\u00fcr statistische Zwecke nicht mehr ben\u00f6tigt werden, sp\u00e4testens aber nach 14 Tagen.<\/p>\n<p>Die Bereitstellung Ihrer Daten f\u00fcr Webalizer ist weder gesetzlich noch vertraglich vorgeschrieben und f\u00fcr einen Vertragsabschluss auch nicht erforderlich.<\/p>\n<p>Sie haben das Recht, aus Gr\u00fcnden, die sich aus Ihrer besonderen Situation ergeben, jederzeit gegen die Verarbeitung der Sie betreffenden personenbezogenen Daten Widerspruch einzulegen. Wenn Sie einer Verarbeitung widersprechen, hat das f\u00fcr Sie keinerlei Konsequenzen.<\/p>\n<h3>Ihre Rechte als Betroffener:<\/h3>\n<p>Sie haben das Recht:<\/p>\n<ul>\n<li>gem\u00e4\u00df Art. 15 DSGVO Auskunft \u00fcber Ihre von uns verarbeiteten personenbezogenen Daten zu verlangen. Insbesondere k\u00f6nnen Sie Auskunft \u00fcber die Verarbeitungszwecke, die Kategorie der personenbezogenen Daten, die Kategorien von Empf\u00e4ngern, gegen\u00fcber denen Ihre Daten offengelegt wurden oder werden, die geplante Speicherdauer, das Bestehen eines Rechts auf Berichtigung, L\u00f6schung, Einschr\u00e4nkung der Verarbeitung oder Widerspruch, das Bestehen eines Beschwerderechts, die Herkunft ihrer Daten, sofern diese nicht bei uns erhoben wurden, sowie \u00fcber das Bestehen einer automatisierten Entscheidungsfindung einschlie\u00dflich Profiling und gegebenenfalls aussagekr\u00e4ftige Informationen zu deren Einzelheiten\u00a0 verlangen;<\/li>\n<li>gem\u00e4\u00df Art. 16 DSGVO unverz\u00fcglich die Berichtigung unrichtiger oder Vervollst\u00e4ndigung Ihrer bei uns gespeicherten personenbezogenen Daten zu verlangen;<\/li>\n<li>gem\u00e4\u00df Art. 17 DSGVO die L\u00f6schung Ihrer bei uns gespeicherten personenbezogenen Daten zu verlangen, soweit nicht die Verarbeitung zur Aus\u00fcbung des Rechts auf freie Meinungs\u00e4u\u00dferung und Information, zur Erf\u00fcllung einer rechtlichen Verpflichtung, aus Gr\u00fcnden des \u00f6ffentlichen Interesses oder zur Geltendmachung, Aus\u00fcbung oder Verteidigung von Rechtsanspr\u00fcchen erforderlich ist;<\/li>\n<li>gem\u00e4\u00df Art. 18 DSGVO die Einschr\u00e4nkung der Verarbeitung Ihrer personenbezogenen Daten zu verlangen, soweit die Richtigkeit der Daten von Ihnen bestritten wird, die Verarbeitung unrechtm\u00e4\u00dfig ist, Sie aber deren L\u00f6schung ablehnen und wir die Daten nicht mehr ben\u00f6tigen, Sie jedoch diese zur Geltendmachung, Aus\u00fcbung oder Verteidigung von Rechtsanspr\u00fcchen ben\u00f6tigen oder Sie gem\u00e4\u00df Art. 21 DSGVO Widerspruch gegen die Verarbeitung eingelegt haben;<\/li>\n<li>gem\u00e4\u00df Art. 20 DSGVO Ihre personenbezogenen Daten, die Sie uns bereitgestellt haben, in einem strukturierten, g\u00e4ngigen und maschinenlesebaren Format zu erhalten oder die \u00dcbermittlung an einen anderen Verantwortlichen zu verlangen;<\/li>\n<li>gem\u00e4\u00df Art. 7 Abs. 3 DSGVO Ihre einmal erteilte Einwilligung jederzeit gegen\u00fcber uns zu widerrufen. Dies hat zur Folge, dass wir die Datenverarbeitung, die auf dieser Einwilligung beruhte, f\u00fcr die Zukunft nicht mehr fortf\u00fchren d\u00fcrfen;<\/li>\n<li>gem\u00e4\u00df Art. 77 DSGVO sich bei einer Aufsichtsbeh\u00f6rde zu beschweren.<\/li>\n<\/ul>\n<h3>Widerspruchsrecht:<\/h3>\n<p>Sofern Ihre personenbezogenen Daten auf Grundlage von berechtigten Interessen gem\u00e4\u00df Art. 6 Abs. 1 S. 1 lit. f DSGVO verarbeitet werden, haben Sie das Recht, gem\u00e4\u00df Art. 21 DSGVO Widerspruch gegen die Verarbeitung Ihrer personenbezogenen Daten einzulegen, soweit daf\u00fcr Gr\u00fcnde vorliegen, die sich aus Ihrer besonderen Situation ergeben oder sich der Widerspruch gegen Direktwerbung richtet. Im letzteren Fall haben Sie ein generelles Widerspruchsrecht, das ohne Angabe einer besonderen Situation von uns umgesetzt wird. M\u00f6chten Sie von Ihrem<br \/>\nWiderrufs- oder Widerspruchsrecht Gebrauch machen, gen\u00fcgt eine Mitteilung an uns.<\/p>\n<h3>Sicherheit und Datenverschl\u00fcsselung:<\/h3>\n<p>Unsere Praxis setzt technische und organisatorische Sicherheitsma\u00dfnahmen ein, um Ihre durch uns verwalteten Daten gegen zuf\u00e4llige oder vors\u00e4tzliche Manipulationen, Verlust, Zerst\u00f6rung oder gegen den Zugriff unberechtigter Personen zu sch\u00fctzen. Unsere Sicherheitsma\u00dfnahmen werden entsprechend der technologischen Entwicklung fortlaufend verbessert.<\/p>\n<p>Immer dann, wenn Sie gebeten werden, Daten \u00fcber sich einzugeben, werden Ihre Daten f\u00fcr die Daten\u00fcbertragung \u00fcber das Internet unter Verwendung der SSL (secure socket layer)-Verschl\u00fcsselung gesch\u00fctzt, so dass sie f\u00fcr Unbefugte nicht zu lesen sind.<\/p>\n<h3>Links zu anderen Anbietern:<\/h3>\n<p>Bitte beachten Sie, dass unsere Seiten Links zu Webseiten anderer Anbieter enthalten k\u00f6nnen, auf die sich diese Datenschutzerkl\u00e4rung nicht erstreckt.<\/p>\n","protected":false},"excerpt":{"rendered":"<p>Der Schutz Ihrer personenbezogenen Daten ist uns wichtig. Wir m\u00f6chten Sie deshalb hier dar\u00fcber aufkl\u00e4ren, welche Daten wir speichern, wenn Sie unsere Website besuchen, warum wir das tun und wann die Daten wieder gel\u00f6scht werden. Personenbezogene Daten sind alle Informationen zu einer namentlich genannten oder identifizierbaren Person. Hierzu geh\u00f6ren etwa der Name, die Adresse oder &hellip; <a href=\"https:\/\/figl.de\/index.php\/datenschutzerklaerung\/\" class=\"more-link\">Weiterlesen <span class=\"screen-reader-text\">Datenschutzerkl\u00e4rung<\/span><\/a><\/p>\n","protected":false},"author":1,"featured_media":0,"parent":0,"menu_order":0,"comment_status":"closed","ping_status":"closed","template":"","meta":{"footnotes":""},"class_list":["post-338","page","type-page","status-publish","hentry","without-featured-image"],"yoast_head":"<!-- This site is optimized with the Yoast SEO plugin v26.8 - https:\/\/yoast.com\/product\/yoast-seo-wordpress\/ -->\n<title>Datenschutzerkl\u00e4rung | Praxis Drs. Figl Karlsruhe<\/title>\n<meta name=\"description\" content=\"Auf dieser Seite erhalten Sie Informationen zum Schutz Ihrer personenbezogenen Daten beim Besuch unserer Website gem\u00e4\u00df DSGVO.\" \/>\n<meta name=\"robots\" content=\"index, follow, max-snippet:-1, max-image-preview:large, max-video-preview:-1\" \/>\n<link rel=\"canonical\" href=\"https:\/\/figl.de\/index.php\/datenschutzerklaerung\/\" \/>\n<meta property=\"og:locale\" content=\"de_DE\" \/>\n<meta property=\"og:type\" content=\"article\" \/>\n<meta property=\"og:title\" content=\"Datenschutzerkl\u00e4rung | Praxis Drs. Figl Karlsruhe\" \/>\n<meta property=\"og:description\" content=\"Auf dieser Seite erhalten Sie Informationen zum Schutz Ihrer personenbezogenen Daten beim Besuch unserer Website gem\u00e4\u00df DSGVO.\" \/>\n<meta property=\"og:url\" content=\"https:\/\/figl.de\/index.php\/datenschutzerklaerung\/\" \/>\n<meta property=\"og:site_name\" content=\"Praxis Drs. Figl Karlsruhe\" \/>\n<meta property=\"article:modified_time\" content=\"2018-06-03T10:25:17+00:00\" \/>\n<meta name=\"twitter:card\" content=\"summary_large_image\" \/>\n<meta name=\"twitter:label1\" content=\"Gesch\u00e4tzte Lesezeit\" \/>\n\t<meta name=\"twitter:data1\" content=\"8\u00a0Minuten\" \/>\n<script type=\"application\/ld+json\" class=\"yoast-schema-graph\">{\"@context\":\"https:\/\/schema.org\",\"@graph\":[{\"@type\":\"WebPage\",\"@id\":\"https:\/\/figl.de\/index.php\/datenschutzerklaerung\/\",\"url\":\"https:\/\/figl.de\/index.php\/datenschutzerklaerung\/\",\"name\":\"Datenschutzerkl\u00e4rung | Praxis Drs. Figl Karlsruhe\",\"isPartOf\":{\"@id\":\"https:\/\/figl.de\/#website\"},\"datePublished\":\"2018-05-19T06:13:01+00:00\",\"dateModified\":\"2018-06-03T10:25:17+00:00\",\"description\":\"Auf dieser Seite erhalten Sie Informationen zum Schutz Ihrer personenbezogenen Daten beim Besuch unserer Website gem\u00e4\u00df DSGVO.\",\"breadcrumb\":{\"@id\":\"https:\/\/figl.de\/index.php\/datenschutzerklaerung\/#breadcrumb\"},\"inLanguage\":\"de\",\"potentialAction\":[{\"@type\":\"ReadAction\",\"target\":[\"https:\/\/figl.de\/index.php\/datenschutzerklaerung\/\"]}]},{\"@type\":\"BreadcrumbList\",\"@id\":\"https:\/\/figl.de\/index.php\/datenschutzerklaerung\/#breadcrumb\",\"itemListElement\":[{\"@type\":\"ListItem\",\"position\":1,\"name\":\"Startseite\",\"item\":\"https:\/\/figl.de\/\"},{\"@type\":\"ListItem\",\"position\":2,\"name\":\"Datenschutzerkl\u00e4rung\"}]},{\"@type\":\"WebSite\",\"@id\":\"https:\/\/figl.de\/#website\",\"url\":\"https:\/\/figl.de\/\",\"name\":\"Praxis Drs. Figl Karlsruhe\",\"description\":\"Ihre Haut\u00e4rzte\",\"potentialAction\":[{\"@type\":\"SearchAction\",\"target\":{\"@type\":\"EntryPoint\",\"urlTemplate\":\"https:\/\/figl.de\/?s={search_term_string}\"},\"query-input\":{\"@type\":\"PropertyValueSpecification\",\"valueRequired\":true,\"valueName\":\"search_term_string\"}}],\"inLanguage\":\"de\"}]}<\/script>\n<!-- \/ Yoast SEO plugin. -->","yoast_head_json":{"title":"Datenschutzerkl\u00e4rung | Praxis Drs. Figl Karlsruhe","description":"Auf dieser Seite erhalten Sie Informationen zum Schutz Ihrer personenbezogenen Daten beim Besuch unserer Website gem\u00e4\u00df DSGVO.","robots":{"index":"index","follow":"follow","max-snippet":"max-snippet:-1","max-image-preview":"max-image-preview:large","max-video-preview":"max-video-preview:-1"},"canonical":"https:\/\/figl.de\/index.php\/datenschutzerklaerung\/","og_locale":"de_DE","og_type":"article","og_title":"Datenschutzerkl\u00e4rung | Praxis Drs. Figl Karlsruhe","og_description":"Auf dieser Seite erhalten Sie Informationen zum Schutz Ihrer personenbezogenen Daten beim Besuch unserer Website gem\u00e4\u00df DSGVO.","og_url":"https:\/\/figl.de\/index.php\/datenschutzerklaerung\/","og_site_name":"Praxis Drs. Figl Karlsruhe","article_modified_time":"2018-06-03T10:25:17+00:00","twitter_card":"summary_large_image","twitter_misc":{"Gesch\u00e4tzte Lesezeit":"8\u00a0Minuten"},"schema":{"@context":"https:\/\/schema.org","@graph":[{"@type":"WebPage","@id":"https:\/\/figl.de\/index.php\/datenschutzerklaerung\/","url":"https:\/\/figl.de\/index.php\/datenschutzerklaerung\/","name":"Datenschutzerkl\u00e4rung | Praxis Drs. Figl Karlsruhe","isPartOf":{"@id":"https:\/\/figl.de\/#website"},"datePublished":"2018-05-19T06:13:01+00:00","dateModified":"2018-06-03T10:25:17+00:00","description":"Auf dieser Seite erhalten Sie Informationen zum Schutz Ihrer personenbezogenen Daten beim Besuch unserer Website gem\u00e4\u00df DSGVO.","breadcrumb":{"@id":"https:\/\/figl.de\/index.php\/datenschutzerklaerung\/#breadcrumb"},"inLanguage":"de","potentialAction":[{"@type":"ReadAction","target":["https:\/\/figl.de\/index.php\/datenschutzerklaerung\/"]}]},{"@type":"BreadcrumbList","@id":"https:\/\/figl.de\/index.php\/datenschutzerklaerung\/#breadcrumb","itemListElement":[{"@type":"ListItem","position":1,"name":"Startseite","item":"https:\/\/figl.de\/"},{"@type":"ListItem","position":2,"name":"Datenschutzerkl\u00e4rung"}]},{"@type":"WebSite","@id":"https:\/\/figl.de\/#website","url":"https:\/\/figl.de\/","name":"Praxis Drs. Figl Karlsruhe","description":"Ihre Haut\u00e4rzte","potentialAction":[{"@type":"SearchAction","target":{"@type":"EntryPoint","urlTemplate":"https:\/\/figl.de\/?s={search_term_string}"},"query-input":{"@type":"PropertyValueSpecification","valueRequired":true,"valueName":"search_term_string"}}],"inLanguage":"de"}]}},"_links":{"self":[{"href":"https:\/\/figl.de\/index.php\/wp-json\/wp\/v2\/pages\/338","targetHints":{"allow":["GET"]}}],"collection":[{"href":"https:\/\/figl.de\/index.php\/wp-json\/wp\/v2\/pages"}],"about":[{"href":"https:\/\/figl.de\/index.php\/wp-json\/wp\/v2\/types\/page"}],"author":[{"embeddable":true,"href":"https:\/\/figl.de\/index.php\/wp-json\/wp\/v2\/users\/1"}],"replies":[{"embeddable":true,"href":"https:\/\/figl.de\/index.php\/wp-json\/wp\/v2\/comments?post=338"}],"version-history":[{"count":6,"href":"https:\/\/figl.de\/index.php\/wp-json\/wp\/v2\/pages\/338\/revisions"}],"predecessor-version":[{"id":359,"href":"https:\/\/figl.de\/index.php\/wp-json\/wp\/v2\/pages\/338\/revisions\/359"}],"wp:attachment":[{"href":"https:\/\/figl.de\/index.php\/wp-json\/wp\/v2\/media?parent=338"}],"curies":[{"name":"wp","href":"https:\/\/api.w.org\/{rel}","templated":true}]}}