{"id":35,"date":"2018-02-17T15:15:04","date_gmt":"2018-02-17T14:15:04","guid":{"rendered":"http:\/\/figl.de\/v2\/?page_id=35"},"modified":"2020-03-19T15:17:21","modified_gmt":"2020-03-19T14:17:21","slug":"notfall","status":"publish","type":"page","link":"https:\/\/figl.de\/index.php\/notfall\/","title":{"rendered":"Notfall"},"content":{"rendered":"<p>Falls Sie au\u00dferhalb unserer Sprechzeiten Hilfe ben\u00f6tigen,<br \/>\nwenden Sie sich bitte an eine der folgenden Stellen:<\/p>\n<h3>Hautklinik des St\u00e4dtischen Klinikums Karlsruhe:<\/h3>\n<p>Moltkestra\u00dfe 90, 76133 Karlsruhe<br \/>\nTelefonzentrale: 0721 \/ 974-0<\/p>\n<h3>\u00c4rztlicher Notfalldienst:<\/h3>\n<p>Telefonische Leitstelle: 116117<br \/>\nRettungsleitstelle: 112<\/p>\n<h3><a href=\"https:\/\/web1.karlsruhe.de\/service\/apotheken\/apo_notdienst.php\" target=\"_blank\" rel=\"noopener noreferrer\">Apotheken-Notdienst<\/a><\/h3>\n","protected":false},"excerpt":{"rendered":"<p>Falls Sie au\u00dferhalb unserer Sprechzeiten Hilfe ben\u00f6tigen, wenden Sie sich bitte an eine der folgenden Stellen: Hautklinik des St\u00e4dtischen Klinikums Karlsruhe: Moltkestra\u00dfe 90, 76133 Karlsruhe Telefonzentrale: 0721 \/ 974-0 \u00c4rztlicher Notfalldienst: Telefonische Leitstelle: 116117 Rettungsleitstelle: 112 Apotheken-Notdienst<\/p>\n","protected":false},"author":1,"featured_media":0,"parent":0,"menu_order":0,"comment_status":"closed","ping_status":"closed","template":"","meta":{"footnotes":""},"class_list":["post-35","page","type-page","status-publish","hentry","without-featured-image"],"yoast_head":"<!-- This site is optimized with the Yoast SEO plugin v26.8 - https:\/\/yoast.com\/product\/yoast-seo-wordpress\/ -->\n<title>Notfall | Praxis Drs. Figl Karlsruhe<\/title>\n<meta name=\"description\" content=\"Falls Sie au\u00dferhalb unserer Sprechzeiten Hilfe ben\u00f6tigen, wenden Sie sich bitte an eine der folgenden Stellen: Hautklinik des St\u00e4dtischen Klinikums Karlsruhe (Moltkestra\u00dfe 90, Telefonzentrale: 0721 \/ 974-0), \u00c4rztlicher Notfalldienst: Telefonische Leitstelle: 116117 Rettungsleitstelle: 112, Link zum Apotheken-Notdienst\" \/>\n<meta name=\"robots\" content=\"index, follow, max-snippet:-1, max-image-preview:large, max-video-preview:-1\" \/>\n<link rel=\"canonical\" href=\"https:\/\/figl.de\/index.php\/notfall\/\" \/>\n<meta property=\"og:locale\" content=\"de_DE\" \/>\n<meta property=\"og:type\" content=\"article\" \/>\n<meta property=\"og:title\" content=\"Notfall | Praxis Drs. Figl Karlsruhe\" \/>\n<meta property=\"og:description\" content=\"Falls Sie au\u00dferhalb unserer Sprechzeiten Hilfe ben\u00f6tigen, wenden Sie sich bitte an eine der folgenden Stellen: Hautklinik des St\u00e4dtischen Klinikums Karlsruhe (Moltkestra\u00dfe 90, Telefonzentrale: 0721 \/ 974-0), \u00c4rztlicher Notfalldienst: Telefonische Leitstelle: 116117 Rettungsleitstelle: 112, Link zum Apotheken-Notdienst\" \/>\n<meta property=\"og:url\" content=\"https:\/\/figl.de\/index.php\/notfall\/\" \/>\n<meta property=\"og:site_name\" content=\"Praxis Drs. Figl Karlsruhe\" \/>\n<meta property=\"article:modified_time\" content=\"2020-03-19T14:17:21+00:00\" \/>\n<meta name=\"twitter:card\" content=\"summary_large_image\" \/>\n<script type=\"application\/ld+json\" class=\"yoast-schema-graph\">{\"@context\":\"https:\/\/schema.org\",\"@graph\":[{\"@type\":\"WebPage\",\"@id\":\"https:\/\/figl.de\/index.php\/notfall\/\",\"url\":\"https:\/\/figl.de\/index.php\/notfall\/\",\"name\":\"Notfall | Praxis Drs. Figl Karlsruhe\",\"isPartOf\":{\"@id\":\"https:\/\/figl.de\/#website\"},\"datePublished\":\"2018-02-17T14:15:04+00:00\",\"dateModified\":\"2020-03-19T14:17:21+00:00\",\"description\":\"Falls Sie au\u00dferhalb unserer Sprechzeiten Hilfe ben\u00f6tigen, wenden Sie sich bitte an eine der folgenden Stellen: Hautklinik des St\u00e4dtischen Klinikums Karlsruhe (Moltkestra\u00dfe 90, Telefonzentrale: 0721 \/ 974-0), \u00c4rztlicher Notfalldienst: Telefonische Leitstelle: 116117 Rettungsleitstelle: 112, Link zum Apotheken-Notdienst\",\"breadcrumb\":{\"@id\":\"https:\/\/figl.de\/index.php\/notfall\/#breadcrumb\"},\"inLanguage\":\"de\",\"potentialAction\":[{\"@type\":\"ReadAction\",\"target\":[\"https:\/\/figl.de\/index.php\/notfall\/\"]}]},{\"@type\":\"BreadcrumbList\",\"@id\":\"https:\/\/figl.de\/index.php\/notfall\/#breadcrumb\",\"itemListElement\":[{\"@type\":\"ListItem\",\"position\":1,\"name\":\"Startseite\",\"item\":\"https:\/\/figl.de\/\"},{\"@type\":\"ListItem\",\"position\":2,\"name\":\"Notfall\"}]},{\"@type\":\"WebSite\",\"@id\":\"https:\/\/figl.de\/#website\",\"url\":\"https:\/\/figl.de\/\",\"name\":\"Praxis Drs. Figl Karlsruhe\",\"description\":\"Ihre Haut\u00e4rzte\",\"potentialAction\":[{\"@type\":\"SearchAction\",\"target\":{\"@type\":\"EntryPoint\",\"urlTemplate\":\"https:\/\/figl.de\/?s={search_term_string}\"},\"query-input\":{\"@type\":\"PropertyValueSpecification\",\"valueRequired\":true,\"valueName\":\"search_term_string\"}}],\"inLanguage\":\"de\"}]}<\/script>\n<!-- \/ Yoast SEO plugin. -->","yoast_head_json":{"title":"Notfall | Praxis Drs. Figl Karlsruhe","description":"Falls Sie au\u00dferhalb unserer Sprechzeiten Hilfe ben\u00f6tigen, wenden Sie sich bitte an eine der folgenden Stellen: Hautklinik des St\u00e4dtischen Klinikums Karlsruhe (Moltkestra\u00dfe 90, Telefonzentrale: 0721 \/ 974-0), \u00c4rztlicher Notfalldienst: Telefonische Leitstelle: 116117 Rettungsleitstelle: 112, Link zum Apotheken-Notdienst","robots":{"index":"index","follow":"follow","max-snippet":"max-snippet:-1","max-image-preview":"max-image-preview:large","max-video-preview":"max-video-preview:-1"},"canonical":"https:\/\/figl.de\/index.php\/notfall\/","og_locale":"de_DE","og_type":"article","og_title":"Notfall | Praxis Drs. Figl Karlsruhe","og_description":"Falls Sie au\u00dferhalb unserer Sprechzeiten Hilfe ben\u00f6tigen, wenden Sie sich bitte an eine der folgenden Stellen: Hautklinik des St\u00e4dtischen Klinikums Karlsruhe (Moltkestra\u00dfe 90, Telefonzentrale: 0721 \/ 974-0), \u00c4rztlicher Notfalldienst: Telefonische Leitstelle: 116117 Rettungsleitstelle: 112, Link zum Apotheken-Notdienst","og_url":"https:\/\/figl.de\/index.php\/notfall\/","og_site_name":"Praxis Drs. Figl Karlsruhe","article_modified_time":"2020-03-19T14:17:21+00:00","twitter_card":"summary_large_image","schema":{"@context":"https:\/\/schema.org","@graph":[{"@type":"WebPage","@id":"https:\/\/figl.de\/index.php\/notfall\/","url":"https:\/\/figl.de\/index.php\/notfall\/","name":"Notfall | Praxis Drs. Figl Karlsruhe","isPartOf":{"@id":"https:\/\/figl.de\/#website"},"datePublished":"2018-02-17T14:15:04+00:00","dateModified":"2020-03-19T14:17:21+00:00","description":"Falls Sie au\u00dferhalb unserer Sprechzeiten Hilfe ben\u00f6tigen, wenden Sie sich bitte an eine der folgenden Stellen: Hautklinik des St\u00e4dtischen Klinikums Karlsruhe (Moltkestra\u00dfe 90, Telefonzentrale: 0721 \/ 974-0), \u00c4rztlicher Notfalldienst: Telefonische Leitstelle: 116117 Rettungsleitstelle: 112, Link zum Apotheken-Notdienst","breadcrumb":{"@id":"https:\/\/figl.de\/index.php\/notfall\/#breadcrumb"},"inLanguage":"de","potentialAction":[{"@type":"ReadAction","target":["https:\/\/figl.de\/index.php\/notfall\/"]}]},{"@type":"BreadcrumbList","@id":"https:\/\/figl.de\/index.php\/notfall\/#breadcrumb","itemListElement":[{"@type":"ListItem","position":1,"name":"Startseite","item":"https:\/\/figl.de\/"},{"@type":"ListItem","position":2,"name":"Notfall"}]},{"@type":"WebSite","@id":"https:\/\/figl.de\/#website","url":"https:\/\/figl.de\/","name":"Praxis Drs. Figl Karlsruhe","description":"Ihre Haut\u00e4rzte","potentialAction":[{"@type":"SearchAction","target":{"@type":"EntryPoint","urlTemplate":"https:\/\/figl.de\/?s={search_term_string}"},"query-input":{"@type":"PropertyValueSpecification","valueRequired":true,"valueName":"search_term_string"}}],"inLanguage":"de"}]}},"_links":{"self":[{"href":"https:\/\/figl.de\/index.php\/wp-json\/wp\/v2\/pages\/35","targetHints":{"allow":["GET"]}}],"collection":[{"href":"https:\/\/figl.de\/index.php\/wp-json\/wp\/v2\/pages"}],"about":[{"href":"https:\/\/figl.de\/index.php\/wp-json\/wp\/v2\/types\/page"}],"author":[{"embeddable":true,"href":"https:\/\/figl.de\/index.php\/wp-json\/wp\/v2\/users\/1"}],"replies":[{"embeddable":true,"href":"https:\/\/figl.de\/index.php\/wp-json\/wp\/v2\/comments?post=35"}],"version-history":[{"count":7,"href":"https:\/\/figl.de\/index.php\/wp-json\/wp\/v2\/pages\/35\/revisions"}],"predecessor-version":[{"id":457,"href":"https:\/\/figl.de\/index.php\/wp-json\/wp\/v2\/pages\/35\/revisions\/457"}],"wp:attachment":[{"href":"https:\/\/figl.de\/index.php\/wp-json\/wp\/v2\/media?parent=35"}],"curies":[{"name":"wp","href":"https:\/\/api.w.org\/{rel}","templated":true}]}}