{"id":63,"date":"2018-02-17T19:12:07","date_gmt":"2018-02-17T18:12:07","guid":{"rendered":"http:\/\/figl.de\/v2\/?page_id=63"},"modified":"2023-07-10T21:50:12","modified_gmt":"2023-07-10T19:50:12","slug":"praxis","status":"publish","type":"page","link":"https:\/\/figl.de\/index.php\/praxis\/","title":{"rendered":"Behandlungsspektrum"},"content":{"rendered":"<ul type=\"disc\">\n<li><a href=\"http:\/\/figl.de\/?page_id=160\">Klassische Dermatologie und Venerologie<\/a><\/li>\n<li><a href=\"http:\/\/figl.de\/?page_id=164\">Hautkrebsvorsorge<\/a><\/li>\n<li><a href=\"http:\/\/figl.de\/?page_id=173\">Diagnostik und Behandlung von Allergien<\/a><\/li>\n<li><a href=\"http:\/\/figl.de\/?page_id=177\">Ambulante Operationen<\/a><\/li>\n<li><a href=\"http:\/\/figl.de\/?page_id=170\">Dermatoonkologie<\/a><\/li>\n<li><a href=\"http:\/\/figl.de\/?page_id=179\">Proktoskopie\/H\u00e4morrhoiden-Behandlung<\/a><\/li>\n<li><a href=\"http:\/\/figl.de\/?page_id=175\">Psoriasis-Schwerpunktpraxis<\/a><\/li>\n<li><a href=\"http:\/\/figl.de\/?page_id=183\">Lasertherapie<\/a><\/li>\n<\/ul>\n<p>Informationen \u00fcber \u00c4sthetische Dermatologie entnehmen Sie bitte der Webseite<br \/>\nunseres <a href=\"http:\/\/www.kosmetik-karlsruhe.de\/\">Kosmetikinstituts<\/a><\/p>\n","protected":false},"excerpt":{"rendered":"<p>Klassische Dermatologie und Venerologie Hautkrebsvorsorge Diagnostik und Behandlung von Allergien Ambulante Operationen Dermatoonkologie Proktoskopie\/H\u00e4morrhoiden-Behandlung Psoriasis-Schwerpunktpraxis Lasertherapie Informationen \u00fcber \u00c4sthetische Dermatologie entnehmen Sie bitte der Webseite unseres Kosmetikinstituts<\/p>\n","protected":false},"author":1,"featured_media":0,"parent":0,"menu_order":0,"comment_status":"closed","ping_status":"closed","template":"","meta":{"footnotes":""},"class_list":["post-63","page","type-page","status-publish","hentry","without-featured-image"],"yoast_head":"<!-- This site is optimized with the Yoast SEO plugin v26.8 - https:\/\/yoast.com\/product\/yoast-seo-wordpress\/ -->\n<title>Behandlungsspektrum | Praxis Drs. Figl Karlsruhe<\/title>\n<meta name=\"robots\" content=\"index, follow, max-snippet:-1, max-image-preview:large, max-video-preview:-1\" \/>\n<link rel=\"canonical\" href=\"https:\/\/figl.de\/index.php\/praxis\/\" \/>\n<meta property=\"og:locale\" content=\"de_DE\" \/>\n<meta property=\"og:type\" content=\"article\" \/>\n<meta property=\"og:title\" content=\"Behandlungsspektrum | Praxis Drs. Figl Karlsruhe\" \/>\n<meta property=\"og:description\" content=\"Klassische Dermatologie und Venerologie Hautkrebsvorsorge Diagnostik und Behandlung von Allergien Ambulante Operationen Dermatoonkologie Proktoskopie\/H\u00e4morrhoiden-Behandlung Psoriasis-Schwerpunktpraxis Lasertherapie Informationen \u00fcber \u00c4sthetische Dermatologie entnehmen Sie bitte der Webseite unseres Kosmetikinstituts\" \/>\n<meta property=\"og:url\" content=\"https:\/\/figl.de\/index.php\/praxis\/\" \/>\n<meta property=\"og:site_name\" content=\"Praxis Drs. Figl Karlsruhe\" \/>\n<meta property=\"article:modified_time\" content=\"2023-07-10T19:50:12+00:00\" \/>\n<meta name=\"twitter:card\" content=\"summary_large_image\" \/>\n<meta name=\"twitter:label1\" content=\"Gesch\u00e4tzte Lesezeit\" \/>\n\t<meta name=\"twitter:data1\" content=\"1\u00a0Minute\" \/>\n<script type=\"application\/ld+json\" class=\"yoast-schema-graph\">{\"@context\":\"https:\/\/schema.org\",\"@graph\":[{\"@type\":\"WebPage\",\"@id\":\"https:\/\/figl.de\/index.php\/praxis\/\",\"url\":\"https:\/\/figl.de\/index.php\/praxis\/\",\"name\":\"Behandlungsspektrum | Praxis Drs. Figl Karlsruhe\",\"isPartOf\":{\"@id\":\"https:\/\/figl.de\/#website\"},\"datePublished\":\"2018-02-17T18:12:07+00:00\",\"dateModified\":\"2023-07-10T19:50:12+00:00\",\"breadcrumb\":{\"@id\":\"https:\/\/figl.de\/index.php\/praxis\/#breadcrumb\"},\"inLanguage\":\"de\",\"potentialAction\":[{\"@type\":\"ReadAction\",\"target\":[\"https:\/\/figl.de\/index.php\/praxis\/\"]}]},{\"@type\":\"BreadcrumbList\",\"@id\":\"https:\/\/figl.de\/index.php\/praxis\/#breadcrumb\",\"itemListElement\":[{\"@type\":\"ListItem\",\"position\":1,\"name\":\"Startseite\",\"item\":\"https:\/\/figl.de\/\"},{\"@type\":\"ListItem\",\"position\":2,\"name\":\"Behandlungsspektrum\"}]},{\"@type\":\"WebSite\",\"@id\":\"https:\/\/figl.de\/#website\",\"url\":\"https:\/\/figl.de\/\",\"name\":\"Praxis Drs. Figl Karlsruhe\",\"description\":\"Ihre Haut\u00e4rzte\",\"potentialAction\":[{\"@type\":\"SearchAction\",\"target\":{\"@type\":\"EntryPoint\",\"urlTemplate\":\"https:\/\/figl.de\/?s={search_term_string}\"},\"query-input\":{\"@type\":\"PropertyValueSpecification\",\"valueRequired\":true,\"valueName\":\"search_term_string\"}}],\"inLanguage\":\"de\"}]}<\/script>\n<!-- \/ Yoast SEO plugin. -->","yoast_head_json":{"title":"Behandlungsspektrum | Praxis Drs. Figl Karlsruhe","robots":{"index":"index","follow":"follow","max-snippet":"max-snippet:-1","max-image-preview":"max-image-preview:large","max-video-preview":"max-video-preview:-1"},"canonical":"https:\/\/figl.de\/index.php\/praxis\/","og_locale":"de_DE","og_type":"article","og_title":"Behandlungsspektrum | Praxis Drs. Figl Karlsruhe","og_description":"Klassische Dermatologie und Venerologie Hautkrebsvorsorge Diagnostik und Behandlung von Allergien Ambulante Operationen Dermatoonkologie Proktoskopie\/H\u00e4morrhoiden-Behandlung Psoriasis-Schwerpunktpraxis Lasertherapie Informationen \u00fcber \u00c4sthetische Dermatologie entnehmen Sie bitte der Webseite unseres Kosmetikinstituts","og_url":"https:\/\/figl.de\/index.php\/praxis\/","og_site_name":"Praxis Drs. Figl Karlsruhe","article_modified_time":"2023-07-10T19:50:12+00:00","twitter_card":"summary_large_image","twitter_misc":{"Gesch\u00e4tzte Lesezeit":"1\u00a0Minute"},"schema":{"@context":"https:\/\/schema.org","@graph":[{"@type":"WebPage","@id":"https:\/\/figl.de\/index.php\/praxis\/","url":"https:\/\/figl.de\/index.php\/praxis\/","name":"Behandlungsspektrum | Praxis Drs. Figl Karlsruhe","isPartOf":{"@id":"https:\/\/figl.de\/#website"},"datePublished":"2018-02-17T18:12:07+00:00","dateModified":"2023-07-10T19:50:12+00:00","breadcrumb":{"@id":"https:\/\/figl.de\/index.php\/praxis\/#breadcrumb"},"inLanguage":"de","potentialAction":[{"@type":"ReadAction","target":["https:\/\/figl.de\/index.php\/praxis\/"]}]},{"@type":"BreadcrumbList","@id":"https:\/\/figl.de\/index.php\/praxis\/#breadcrumb","itemListElement":[{"@type":"ListItem","position":1,"name":"Startseite","item":"https:\/\/figl.de\/"},{"@type":"ListItem","position":2,"name":"Behandlungsspektrum"}]},{"@type":"WebSite","@id":"https:\/\/figl.de\/#website","url":"https:\/\/figl.de\/","name":"Praxis Drs. Figl Karlsruhe","description":"Ihre Haut\u00e4rzte","potentialAction":[{"@type":"SearchAction","target":{"@type":"EntryPoint","urlTemplate":"https:\/\/figl.de\/?s={search_term_string}"},"query-input":{"@type":"PropertyValueSpecification","valueRequired":true,"valueName":"search_term_string"}}],"inLanguage":"de"}]}},"_links":{"self":[{"href":"https:\/\/figl.de\/index.php\/wp-json\/wp\/v2\/pages\/63","targetHints":{"allow":["GET"]}}],"collection":[{"href":"https:\/\/figl.de\/index.php\/wp-json\/wp\/v2\/pages"}],"about":[{"href":"https:\/\/figl.de\/index.php\/wp-json\/wp\/v2\/types\/page"}],"author":[{"embeddable":true,"href":"https:\/\/figl.de\/index.php\/wp-json\/wp\/v2\/users\/1"}],"replies":[{"embeddable":true,"href":"https:\/\/figl.de\/index.php\/wp-json\/wp\/v2\/comments?post=63"}],"version-history":[{"count":17,"href":"https:\/\/figl.de\/index.php\/wp-json\/wp\/v2\/pages\/63\/revisions"}],"predecessor-version":[{"id":670,"href":"https:\/\/figl.de\/index.php\/wp-json\/wp\/v2\/pages\/63\/revisions\/670"}],"wp:attachment":[{"href":"https:\/\/figl.de\/index.php\/wp-json\/wp\/v2\/media?parent=63"}],"curies":[{"name":"wp","href":"https:\/\/api.w.org\/{rel}","templated":true}]}}