{"id":713,"date":"2024-03-21T19:42:10","date_gmt":"2024-03-21T18:42:10","guid":{"rendered":"https:\/\/figl.de\/?page_id=713"},"modified":"2025-10-16T17:03:24","modified_gmt":"2025-10-16T15:03:24","slug":"aesthetik-behandlungen-filler-botulinumtoxin-prp-laser","status":"publish","type":"page","link":"https:\/\/figl.de\/index.php\/aesthetik-behandlungen-filler-botulinumtoxin-prp-laser\/","title":{"rendered":"\u00c4sthetiksprechstunde"},"content":{"rendered":"\n<p>Erfahren Sie mehr \u00fcber unsere \u00c4sthetik-Behandlungen mit Fillern, Botulinumtoxin, PRP, Microneedling und Laser:<\/p>\n\n\n\n<h3 class=\"wp-block-heading\"><a href=\"https:\/\/www.kosmetik-karlsruhe.de\/index.php\/faltenentspannung-mit-botulinum\/\">Botulinumtoxin<\/a><\/h3>\n\n\n\n<p>&#8230;wird zur Behandlung von <strong>mimischen Falten<\/strong> besonders im Bereich der Stirn, Zornesfalte und seitlich der Augen, aber auch gegen &#8222;Bunny Lines&#8220;, &#8222;Erdbeerkinn&#8220;, &#8222;Gummy Smile&#8220; und zum &#8222;Lip-Flip&#8220;  verwendet. Durch gezielte Injektionen werden die feinen, oberfl\u00e4chlichen Muskeln in ihrer Aktivit\u00e4t gehemmt. Dadurch wird die Haut entspannt und Falten, die nur durch die Aktivit\u00e4t dieser Muskeln entstanden sind, verschwinden. Die Behandlung mit Botulinumtoxin geh\u00f6rt zu den h\u00e4ufigsten \u00e4sthetisch-dermatologischen Ma\u00dfnahmen. Weiterhin kann Botulinumtoxin sehr erfolgreich zur Behandlung von <strong>\u00fcberm\u00e4\u00dfigem Schwitzen<\/strong> <strong>(Hyperhidrose)<\/strong> in den Achseln und von <strong>Migr\u00e4ne<\/strong> eingesetzt werden.<\/p>\n\n\n\n<h3 class=\"wp-block-heading\"><a href=\"https:\/\/www.kosmetik-karlsruhe.de\/index.php\/hyaluronsaeure-filler\/\">Filler-Behandlungen<\/a><\/h3>\n\n\n\n<p>&#8230;f\u00fchren wir mit Hyalurons\u00e4ure-Fillern durch. Dieser nat\u00fcrliche Bestandteil des Bindegewebes bindet Wasser und baut so Volumen wieder auf. Moderne Hyalurons\u00e4ure-Filler sind vielseitige Werkzeuge f\u00fcr die \u00e4sthetische Dermatologie, die sowohl&nbsp;<strong>Faltenbehandlungen<\/strong>&nbsp;als auch&nbsp;<strong>Volumenaufbau<\/strong>&nbsp;und&nbsp;<strong>Lifting<\/strong>&nbsp;erm\u00f6glichen. Die stumpfe Kan\u00fclentechnik sorgt f\u00fcr eine schonende Injektion und minimiert Risiken wie Bluterg\u00fcsse, w\u00e4hrend gleichzeitig pr\u00e4zise und nat\u00fcrliche Ergebnisse erzielt werden k\u00f6nnen. Ob f\u00fcr die Verbesserung der Hauttextur, die Auff\u00fcllung von Volumenverlust oder das subtile Lifting \u2013 Hyalurons\u00e4ure-Filler bieten eine sichere, effektive und nicht-invasive L\u00f6sung f\u00fcr Patienten, die das jugendliche Erscheinungsbild ihrer Gesichtsz\u00fcge erhalten oder wiederherstellen m\u00f6chten.<\/p>\n\n\n\n<p><\/p>\n\n\n\n<h3 class=\"wp-block-heading\"><a href=\"https:\/\/www.kosmetik-karlsruhe.de\/index.php\/microneedling\/\">Microneedling<\/a><\/h3>\n\n\n\n<p>Hierbei werden durch winzige Stiche feinster Nadeln auf einem Roller oder Pen Wundreize erzeugt, die die k\u00f6rpereigene Wundheilungskaskade in Gang setzen. Es werden Wachstumsfaktoren f\u00fcr Haut- und Bindegewebszellen freigesetzt und die Kollagenproduktion angeregt. Durch diese vielf\u00e4ltigen nat\u00fcrlichen Prozesse entsteht eine Aufpolsterung der Haut und des Bindegewebes. Die Methode ist geeignet zur Behandlung bei oberfl\u00e4chlichen Akne-Narben und Altershaut.<\/p>\n\n\n\n<h3 class=\"wp-block-heading\"><a href=\"https:\/\/www.kosmetik-karlsruhe.de\/index.php\/prp-plasmalifting\/\">Eigenbluttherapie (PRP-Plasmatherapie)<\/a><\/h3>\n\n\n\n<p>Hierbei wird aus patienteneigenem Blut durch Zentrifugation pl\u00e4ttchenreiches Plasma gewonnen. Dieses Plasma hat einen hohen Gehalt an Wachstumsfaktoren aus Blutpl\u00e4ttchen. Diese werden zur Behandlung von <strong>Falten und F\u00e4ltchen <\/strong>durch Injektionen in die Hautoberfl\u00e4che eingebracht und stimulieren dort die Produktion von Bindegewebesbestandteilen wie Elastin, Kollagen und Fibrin. Auch k\u00f6rpereigene Hyalurons\u00e4ure wird neu gebildet und Feuchtigkeit kann somit besser gespeichert werden. Die PRP-Methode wird auch erfolgreich zur Behandlung von <strong>Haarausfall<\/strong> eingesetzt, da auch die Haarwurzelzellen stimuliert werden.<\/p>\n\n\n\n<h3 class=\"wp-block-heading\"><a href=\"https:\/\/figl.de\/index.php\/lasertherapie\/\">Laserbehandlungen<\/a><\/h3>\n\n\n\n<p>Laserbehandlungen in der Dermatologie sind vielseitig einsetzbar und umfassen eine Reihe von Anwendungen, von der Entfernung unerw\u00fcnschter Hautver\u00e4nderungen bis hin zur Hautverj\u00fcngung und -straffung. Sie werden auch zur Behandlung von Gef\u00e4\u00dfver\u00e4nderungen, Pigmentst\u00f6rungen, Narben, Falten und zur dauerhaften Haarentfernung eingesetzt.<\/p>\n","protected":false},"excerpt":{"rendered":"<p>Erfahren Sie mehr \u00fcber unsere \u00c4sthetik-Behandlungen mit Fillern, Botulinumtoxin, PRP, Microneedling und Laser: Botulinumtoxin &#8230;wird zur Behandlung von mimischen Falten besonders im Bereich der Stirn, Zornesfalte und seitlich der Augen, aber auch gegen &#8222;Bunny Lines&#8220;, &#8222;Erdbeerkinn&#8220;, &#8222;Gummy Smile&#8220; und zum &#8222;Lip-Flip&#8220; verwendet. Durch gezielte Injektionen werden die feinen, oberfl\u00e4chlichen Muskeln in ihrer Aktivit\u00e4t gehemmt. Dadurch &hellip; <a href=\"https:\/\/figl.de\/index.php\/aesthetik-behandlungen-filler-botulinumtoxin-prp-laser\/\" class=\"more-link\">Weiterlesen <span class=\"screen-reader-text\">\u00c4sthetiksprechstunde<\/span><\/a><\/p>\n","protected":false},"author":1,"featured_media":0,"parent":0,"menu_order":0,"comment_status":"closed","ping_status":"closed","template":"","meta":{"footnotes":""},"class_list":["post-713","page","type-page","status-publish","hentry","without-featured-image"],"yoast_head":"<!-- This site is optimized with the Yoast SEO plugin v26.8 - https:\/\/yoast.com\/product\/yoast-seo-wordpress\/ -->\n<title>\u00c4sthetik-Behandlungen durch Filler, Botulinumtoxin, PRP, Laser<\/title>\n<meta name=\"description\" content=\"Erfahren Sie mehr \u00fcber unsere \u00c4sthetik-Behandlungen durch Filler, Botulinumtoxin, PRP, Microneedling und Laser\" \/>\n<meta name=\"robots\" content=\"index, follow, max-snippet:-1, max-image-preview:large, max-video-preview:-1\" \/>\n<link rel=\"canonical\" href=\"https:\/\/figl.de\/index.php\/aesthetik-behandlungen-filler-botulinumtoxin-prp-laser\/\" \/>\n<meta property=\"og:locale\" content=\"de_DE\" \/>\n<meta property=\"og:type\" content=\"article\" \/>\n<meta property=\"og:title\" content=\"\u00c4sthetik-Behandlungen durch Filler, Botulinumtoxin, PRP, Laser\" \/>\n<meta property=\"og:description\" content=\"Erfahren Sie mehr \u00fcber unsere \u00c4sthetik-Behandlungen durch Filler, Botulinumtoxin, PRP, Microneedling und Laser\" \/>\n<meta property=\"og:url\" content=\"https:\/\/figl.de\/index.php\/aesthetik-behandlungen-filler-botulinumtoxin-prp-laser\/\" \/>\n<meta property=\"og:site_name\" content=\"Praxis Drs. Figl Karlsruhe\" \/>\n<meta property=\"article:modified_time\" content=\"2025-10-16T15:03:24+00:00\" \/>\n<meta name=\"twitter:card\" content=\"summary_large_image\" \/>\n<meta name=\"twitter:label1\" content=\"Gesch\u00e4tzte Lesezeit\" \/>\n\t<meta name=\"twitter:data1\" content=\"3\u00a0Minuten\" \/>\n<script type=\"application\/ld+json\" class=\"yoast-schema-graph\">{\"@context\":\"https:\/\/schema.org\",\"@graph\":[{\"@type\":\"WebPage\",\"@id\":\"https:\/\/figl.de\/index.php\/aesthetik-behandlungen-filler-botulinumtoxin-prp-laser\/\",\"url\":\"https:\/\/figl.de\/index.php\/aesthetik-behandlungen-filler-botulinumtoxin-prp-laser\/\",\"name\":\"\u00c4sthetik-Behandlungen durch Filler, Botulinumtoxin, PRP, Laser\",\"isPartOf\":{\"@id\":\"https:\/\/figl.de\/#website\"},\"datePublished\":\"2024-03-21T18:42:10+00:00\",\"dateModified\":\"2025-10-16T15:03:24+00:00\",\"description\":\"Erfahren Sie mehr \u00fcber unsere \u00c4sthetik-Behandlungen durch Filler, Botulinumtoxin, PRP, Microneedling und Laser\",\"breadcrumb\":{\"@id\":\"https:\/\/figl.de\/index.php\/aesthetik-behandlungen-filler-botulinumtoxin-prp-laser\/#breadcrumb\"},\"inLanguage\":\"de\",\"potentialAction\":[{\"@type\":\"ReadAction\",\"target\":[\"https:\/\/figl.de\/index.php\/aesthetik-behandlungen-filler-botulinumtoxin-prp-laser\/\"]}]},{\"@type\":\"BreadcrumbList\",\"@id\":\"https:\/\/figl.de\/index.php\/aesthetik-behandlungen-filler-botulinumtoxin-prp-laser\/#breadcrumb\",\"itemListElement\":[{\"@type\":\"ListItem\",\"position\":1,\"name\":\"Startseite\",\"item\":\"https:\/\/figl.de\/\"},{\"@type\":\"ListItem\",\"position\":2,\"name\":\"\u00c4sthetiksprechstunde\"}]},{\"@type\":\"WebSite\",\"@id\":\"https:\/\/figl.de\/#website\",\"url\":\"https:\/\/figl.de\/\",\"name\":\"Praxis Drs. Figl Karlsruhe\",\"description\":\"Ihre Haut\u00e4rzte\",\"potentialAction\":[{\"@type\":\"SearchAction\",\"target\":{\"@type\":\"EntryPoint\",\"urlTemplate\":\"https:\/\/figl.de\/?s={search_term_string}\"},\"query-input\":{\"@type\":\"PropertyValueSpecification\",\"valueRequired\":true,\"valueName\":\"search_term_string\"}}],\"inLanguage\":\"de\"}]}<\/script>\n<!-- \/ Yoast SEO plugin. -->","yoast_head_json":{"title":"\u00c4sthetik-Behandlungen durch Filler, Botulinumtoxin, PRP, Laser","description":"Erfahren Sie mehr \u00fcber unsere \u00c4sthetik-Behandlungen durch Filler, Botulinumtoxin, PRP, Microneedling und Laser","robots":{"index":"index","follow":"follow","max-snippet":"max-snippet:-1","max-image-preview":"max-image-preview:large","max-video-preview":"max-video-preview:-1"},"canonical":"https:\/\/figl.de\/index.php\/aesthetik-behandlungen-filler-botulinumtoxin-prp-laser\/","og_locale":"de_DE","og_type":"article","og_title":"\u00c4sthetik-Behandlungen durch Filler, Botulinumtoxin, PRP, Laser","og_description":"Erfahren Sie mehr \u00fcber unsere \u00c4sthetik-Behandlungen durch Filler, Botulinumtoxin, PRP, Microneedling und Laser","og_url":"https:\/\/figl.de\/index.php\/aesthetik-behandlungen-filler-botulinumtoxin-prp-laser\/","og_site_name":"Praxis Drs. Figl Karlsruhe","article_modified_time":"2025-10-16T15:03:24+00:00","twitter_card":"summary_large_image","twitter_misc":{"Gesch\u00e4tzte Lesezeit":"3\u00a0Minuten"},"schema":{"@context":"https:\/\/schema.org","@graph":[{"@type":"WebPage","@id":"https:\/\/figl.de\/index.php\/aesthetik-behandlungen-filler-botulinumtoxin-prp-laser\/","url":"https:\/\/figl.de\/index.php\/aesthetik-behandlungen-filler-botulinumtoxin-prp-laser\/","name":"\u00c4sthetik-Behandlungen durch Filler, Botulinumtoxin, PRP, Laser","isPartOf":{"@id":"https:\/\/figl.de\/#website"},"datePublished":"2024-03-21T18:42:10+00:00","dateModified":"2025-10-16T15:03:24+00:00","description":"Erfahren Sie mehr \u00fcber unsere \u00c4sthetik-Behandlungen durch Filler, Botulinumtoxin, PRP, Microneedling und Laser","breadcrumb":{"@id":"https:\/\/figl.de\/index.php\/aesthetik-behandlungen-filler-botulinumtoxin-prp-laser\/#breadcrumb"},"inLanguage":"de","potentialAction":[{"@type":"ReadAction","target":["https:\/\/figl.de\/index.php\/aesthetik-behandlungen-filler-botulinumtoxin-prp-laser\/"]}]},{"@type":"BreadcrumbList","@id":"https:\/\/figl.de\/index.php\/aesthetik-behandlungen-filler-botulinumtoxin-prp-laser\/#breadcrumb","itemListElement":[{"@type":"ListItem","position":1,"name":"Startseite","item":"https:\/\/figl.de\/"},{"@type":"ListItem","position":2,"name":"\u00c4sthetiksprechstunde"}]},{"@type":"WebSite","@id":"https:\/\/figl.de\/#website","url":"https:\/\/figl.de\/","name":"Praxis Drs. Figl Karlsruhe","description":"Ihre Haut\u00e4rzte","potentialAction":[{"@type":"SearchAction","target":{"@type":"EntryPoint","urlTemplate":"https:\/\/figl.de\/?s={search_term_string}"},"query-input":{"@type":"PropertyValueSpecification","valueRequired":true,"valueName":"search_term_string"}}],"inLanguage":"de"}]}},"_links":{"self":[{"href":"https:\/\/figl.de\/index.php\/wp-json\/wp\/v2\/pages\/713","targetHints":{"allow":["GET"]}}],"collection":[{"href":"https:\/\/figl.de\/index.php\/wp-json\/wp\/v2\/pages"}],"about":[{"href":"https:\/\/figl.de\/index.php\/wp-json\/wp\/v2\/types\/page"}],"author":[{"embeddable":true,"href":"https:\/\/figl.de\/index.php\/wp-json\/wp\/v2\/users\/1"}],"replies":[{"embeddable":true,"href":"https:\/\/figl.de\/index.php\/wp-json\/wp\/v2\/comments?post=713"}],"version-history":[{"count":15,"href":"https:\/\/figl.de\/index.php\/wp-json\/wp\/v2\/pages\/713\/revisions"}],"predecessor-version":[{"id":863,"href":"https:\/\/figl.de\/index.php\/wp-json\/wp\/v2\/pages\/713\/revisions\/863"}],"wp:attachment":[{"href":"https:\/\/figl.de\/index.php\/wp-json\/wp\/v2\/media?parent=713"}],"curies":[{"name":"wp","href":"https:\/\/api.w.org\/{rel}","templated":true}]}}