{"id":810,"date":"2025-08-02T13:21:20","date_gmt":"2025-08-02T11:21:20","guid":{"rendered":"https:\/\/figl.de\/?page_id=810"},"modified":"2025-08-03T11:26:21","modified_gmt":"2025-08-03T09:26:21","slug":"haarausfall","status":"publish","type":"page","link":"https:\/\/figl.de\/index.php\/haarausfall\/","title":{"rendered":"Haarausfall"},"content":{"rendered":"\n<p>Bei Haarausfall werden verschiedene Untersuchungen durchgef\u00fchrt, um die Ursache zu ermitteln und die geeignete Behandlung zu finden.&nbsp;Dazu geh\u00f6ren die Kopfhautinspektion, die Haarwurzelanalyse (Trichogramm), Blutuntersuchungen und gegebenenfalls Hautbiopsien.&nbsp;<\/p>\n\n\n\n<h5 class=\"wp-block-heading\">DIE DREI H\u00c4UFIGSTEN URSACHEN VON HAARAUSFALL<\/h5>\n\n\n\n<p>Androgenetische Alopezie (m\u00e4nnlicher\/femininer Haarausfall) &#8211; Ursache: Genetische Veranlagung und hormonelle Einfl\u00fcsse<\/p>\n\n\n\n<p>Alopecia areata (kreisrunder Haarausfall) &#8211; Ursache: Autoimmunerkrankung, bei der das Immunsystem die Haarfollikel angreift<\/p>\n\n\n\n<p>Telogeneffluvium (diffuser Haarausfall) &#8211; Ursache: Stress, Krankheit, Medikamente, hormonelle Ver\u00e4nderungen<\/p>\n\n\n\n<p><strong>Welche Untersuchungen sind notwendig?<\/strong><\/p>\n\n\n\n<ul class=\"wp-block-list\">\n<li><strong>Kopfhautinspektion:<\/strong> Der Arzt untersucht die Kopfhaut und die Haare, um die Haarstruktur, Haardichte und den Zustand der Kopfhaut zu beurteilen.&nbsp;<\/li>\n\n\n\n<li><strong>Digitales<\/strong> <strong>Trichogramm (HairMetrix\u00ae):<\/strong> Bei dieser Analyse werden Haare nahe der Wurzel untersucht, um das Verh\u00e4ltnis von wachsenden zu nicht-wachsenden Haaren (Anagen- und Telogenphase) sowie die Haarwurzeln zu beurteilen.<\/li>\n<\/ul>\n\n\n\n<figure class=\"wp-block-image size-full is-resized\"><img loading=\"lazy\" decoding=\"async\" width=\"250\" height=\"175\" src=\"https:\/\/figl.de\/wp-content\/uploads\/HairMetrix.png\" alt=\"\" class=\"wp-image-811\" style=\"width:302px;height:auto\"\/><\/figure>\n\n\n\n<figure class=\"wp-block-image size-full is-resized\"><img loading=\"lazy\" decoding=\"async\" width=\"250\" height=\"170\" src=\"https:\/\/figl.de\/wp-content\/uploads\/HairMetrix2.jpg\" alt=\"\" class=\"wp-image-817\" style=\"width:301px;height:auto\"\/><figcaption class=\"wp-element-caption\">HairMetrix\u00ae<\/figcaption><\/figure>\n\n\n\n<p><strong>Ablauf der Untersuchung:<\/strong><\/p>\n\n\n\n<p>1. Rasur: An einer oder zwei kleinen Stellen der Kopfhaut werden die Haare auf Hautniveau gek\u00fcrzt.&nbsp;<\/p>\n\n\n\n<p>2. Aufnahme: Mit einer digitalen Mikroskopkamera werden hochaufl\u00f6sende Bilder der rasierten Bereiche aufgenommen.&nbsp;<\/p>\n\n\n\n<p>3. Analyse: Die Bilder werden mit spezieller Software analysiert, die Haaranzahl, -dichte und Wachstumsphasen automatisch bestimmt.&nbsp;<\/p>\n\n\n\n<p>4. Vergleich: Bei Bedarf kann die Untersuchung nach einiger Zeit wiederholt werden, um den Fortschritt einer Behandlung zu beurteilen.<\/p>\n\n\n\n<ul class=\"wp-block-list\">\n<li><strong>Blutuntersuchungen:<\/strong> Diese Untersuchungen k\u00f6nnen Hinweise auf Mangelzust\u00e4nde (z.B. Eisenmangel) oder andere Erkrankungen geben, die mit Haarausfall in Verbindung stehen k\u00f6nnen.<\/li>\n<\/ul>\n\n\n\n<p><strong><a href=\"https:\/\/www.kosmetik-karlsruhe.de\/index.php\/haarausfall\/\">PRP Eigenbluttherapie bei Haarausfall<\/a><\/strong><\/p>\n\n\n\n<p>In unserer Praxis steht die M\u00f6glichkeit zur PRP Behandlung bei Haarausfall zur Verf\u00fcgung. Die PRP-Therapie (Platelet-Rich Plasma), auch bekannt als Eigenbluttherapie, ist eine Behandlung, die bei Haarausfall eingesetzt wird, um das Haarwachstum anzuregen und die Kopfhautgesundheit zu verbessern. Bei dieser Methode wird k\u00f6rpereigenes Blutplasma, das reich an Wachstumsfaktoren und Stammzellen ist, in die Kopfhaut injiziert.<\/p>\n\n\n\n<figure class=\"wp-block-image size-full is-resized\"><img loading=\"lazy\" decoding=\"async\" width=\"1024\" height=\"682\" src=\"https:\/\/figl.de\/wp-content\/uploads\/PRP-Haare.jpg\" alt=\"\" class=\"wp-image-838\" style=\"width:530px;height:auto\" srcset=\"https:\/\/figl.de\/wp-content\/uploads\/PRP-Haare.jpg 1024w, https:\/\/figl.de\/wp-content\/uploads\/PRP-Haare-300x200.jpg 300w, https:\/\/figl.de\/wp-content\/uploads\/PRP-Haare-768x512.jpg 768w, https:\/\/figl.de\/wp-content\/uploads\/PRP-Haare-571x380.jpg 571w\" sizes=\"auto, (max-width: 1024px) 100vw, 1024px\" \/><figcaption class=\"wp-element-caption\">Medical Aesthetic Products\u00a9<\/figcaption><\/figure>\n\n\n\n<p><\/p>\n\n\n\n<p><\/p>\n","protected":false},"excerpt":{"rendered":"<p>Bei Haarausfall werden verschiedene Untersuchungen durchgef\u00fchrt, um die Ursache zu ermitteln und die geeignete Behandlung zu finden.&nbsp;Dazu geh\u00f6ren die Kopfhautinspektion, die Haarwurzelanalyse (Trichogramm), Blutuntersuchungen und gegebenenfalls Hautbiopsien.&nbsp; DIE DREI H\u00c4UFIGSTEN URSACHEN VON HAARAUSFALL Androgenetische Alopezie (m\u00e4nnlicher\/femininer Haarausfall) &#8211; Ursache: Genetische Veranlagung und hormonelle Einfl\u00fcsse Alopecia areata (kreisrunder Haarausfall) &#8211; Ursache: Autoimmunerkrankung, bei der das Immunsystem &hellip; <a href=\"https:\/\/figl.de\/index.php\/haarausfall\/\" class=\"more-link\">Weiterlesen <span class=\"screen-reader-text\">Haarausfall<\/span><\/a><\/p>\n","protected":false},"author":1,"featured_media":0,"parent":0,"menu_order":0,"comment_status":"closed","ping_status":"closed","template":"","meta":{"footnotes":""},"class_list":["post-810","page","type-page","status-publish","hentry","without-featured-image"],"yoast_head":"<!-- This site is optimized with the Yoast SEO plugin v26.8 - https:\/\/yoast.com\/product\/yoast-seo-wordpress\/ -->\n<title>Haarausfall | Praxis Drs. Figl Karlsruhe<\/title>\n<meta name=\"robots\" content=\"index, follow, max-snippet:-1, max-image-preview:large, max-video-preview:-1\" \/>\n<link rel=\"canonical\" href=\"https:\/\/figl.de\/index.php\/haarausfall\/\" \/>\n<meta property=\"og:locale\" content=\"de_DE\" \/>\n<meta property=\"og:type\" content=\"article\" \/>\n<meta property=\"og:title\" content=\"Haarausfall | Praxis Drs. Figl Karlsruhe\" \/>\n<meta property=\"og:description\" content=\"Bei Haarausfall werden verschiedene Untersuchungen durchgef\u00fchrt, um die Ursache zu ermitteln und die geeignete Behandlung zu finden.&nbsp;Dazu geh\u00f6ren die Kopfhautinspektion, die Haarwurzelanalyse (Trichogramm), Blutuntersuchungen und gegebenenfalls Hautbiopsien.&nbsp; DIE DREI H\u00c4UFIGSTEN URSACHEN VON HAARAUSFALL Androgenetische Alopezie (m\u00e4nnlicher\/femininer Haarausfall) &#8211; Ursache: Genetische Veranlagung und hormonelle Einfl\u00fcsse Alopecia areata (kreisrunder Haarausfall) &#8211; Ursache: Autoimmunerkrankung, bei der das Immunsystem &hellip; Weiterlesen Haarausfall\" \/>\n<meta property=\"og:url\" content=\"https:\/\/figl.de\/index.php\/haarausfall\/\" \/>\n<meta property=\"og:site_name\" content=\"Praxis Drs. Figl Karlsruhe\" \/>\n<meta property=\"article:modified_time\" content=\"2025-08-03T09:26:21+00:00\" \/>\n<meta property=\"og:image\" content=\"https:\/\/figl.de\/wp-content\/uploads\/HairMetrix.png\" \/>\n\t<meta property=\"og:image:width\" content=\"250\" \/>\n\t<meta property=\"og:image:height\" content=\"175\" \/>\n\t<meta property=\"og:image:type\" content=\"image\/png\" \/>\n<meta name=\"twitter:card\" content=\"summary_large_image\" \/>\n<meta name=\"twitter:label1\" content=\"Gesch\u00e4tzte Lesezeit\" \/>\n\t<meta name=\"twitter:data1\" content=\"3\u00a0Minuten\" \/>\n<script type=\"application\/ld+json\" class=\"yoast-schema-graph\">{\"@context\":\"https:\/\/schema.org\",\"@graph\":[{\"@type\":\"WebPage\",\"@id\":\"https:\/\/figl.de\/index.php\/haarausfall\/\",\"url\":\"https:\/\/figl.de\/index.php\/haarausfall\/\",\"name\":\"Haarausfall | Praxis Drs. Figl Karlsruhe\",\"isPartOf\":{\"@id\":\"https:\/\/figl.de\/#website\"},\"primaryImageOfPage\":{\"@id\":\"https:\/\/figl.de\/index.php\/haarausfall\/#primaryimage\"},\"image\":{\"@id\":\"https:\/\/figl.de\/index.php\/haarausfall\/#primaryimage\"},\"thumbnailUrl\":\"https:\/\/figl.de\/wp-content\/uploads\/HairMetrix.png\",\"datePublished\":\"2025-08-02T11:21:20+00:00\",\"dateModified\":\"2025-08-03T09:26:21+00:00\",\"breadcrumb\":{\"@id\":\"https:\/\/figl.de\/index.php\/haarausfall\/#breadcrumb\"},\"inLanguage\":\"de\",\"potentialAction\":[{\"@type\":\"ReadAction\",\"target\":[\"https:\/\/figl.de\/index.php\/haarausfall\/\"]}]},{\"@type\":\"ImageObject\",\"inLanguage\":\"de\",\"@id\":\"https:\/\/figl.de\/index.php\/haarausfall\/#primaryimage\",\"url\":\"https:\/\/figl.de\/wp-content\/uploads\/HairMetrix.png\",\"contentUrl\":\"https:\/\/figl.de\/wp-content\/uploads\/HairMetrix.png\",\"width\":250,\"height\":175},{\"@type\":\"BreadcrumbList\",\"@id\":\"https:\/\/figl.de\/index.php\/haarausfall\/#breadcrumb\",\"itemListElement\":[{\"@type\":\"ListItem\",\"position\":1,\"name\":\"Startseite\",\"item\":\"https:\/\/figl.de\/\"},{\"@type\":\"ListItem\",\"position\":2,\"name\":\"Haarausfall\"}]},{\"@type\":\"WebSite\",\"@id\":\"https:\/\/figl.de\/#website\",\"url\":\"https:\/\/figl.de\/\",\"name\":\"Praxis Drs. Figl Karlsruhe\",\"description\":\"Ihre Haut\u00e4rzte\",\"potentialAction\":[{\"@type\":\"SearchAction\",\"target\":{\"@type\":\"EntryPoint\",\"urlTemplate\":\"https:\/\/figl.de\/?s={search_term_string}\"},\"query-input\":{\"@type\":\"PropertyValueSpecification\",\"valueRequired\":true,\"valueName\":\"search_term_string\"}}],\"inLanguage\":\"de\"}]}<\/script>\n<!-- \/ Yoast SEO plugin. -->","yoast_head_json":{"title":"Haarausfall | Praxis Drs. Figl Karlsruhe","robots":{"index":"index","follow":"follow","max-snippet":"max-snippet:-1","max-image-preview":"max-image-preview:large","max-video-preview":"max-video-preview:-1"},"canonical":"https:\/\/figl.de\/index.php\/haarausfall\/","og_locale":"de_DE","og_type":"article","og_title":"Haarausfall | Praxis Drs. Figl Karlsruhe","og_description":"Bei Haarausfall werden verschiedene Untersuchungen durchgef\u00fchrt, um die Ursache zu ermitteln und die geeignete Behandlung zu finden.&nbsp;Dazu geh\u00f6ren die Kopfhautinspektion, die Haarwurzelanalyse (Trichogramm), Blutuntersuchungen und gegebenenfalls Hautbiopsien.&nbsp; DIE DREI H\u00c4UFIGSTEN URSACHEN VON HAARAUSFALL Androgenetische Alopezie (m\u00e4nnlicher\/femininer Haarausfall) &#8211; Ursache: Genetische Veranlagung und hormonelle Einfl\u00fcsse Alopecia areata (kreisrunder Haarausfall) &#8211; Ursache: Autoimmunerkrankung, bei der das Immunsystem &hellip; Weiterlesen Haarausfall","og_url":"https:\/\/figl.de\/index.php\/haarausfall\/","og_site_name":"Praxis Drs. Figl Karlsruhe","article_modified_time":"2025-08-03T09:26:21+00:00","og_image":[{"width":250,"height":175,"url":"https:\/\/figl.de\/wp-content\/uploads\/HairMetrix.png","type":"image\/png"}],"twitter_card":"summary_large_image","twitter_misc":{"Gesch\u00e4tzte Lesezeit":"3\u00a0Minuten"},"schema":{"@context":"https:\/\/schema.org","@graph":[{"@type":"WebPage","@id":"https:\/\/figl.de\/index.php\/haarausfall\/","url":"https:\/\/figl.de\/index.php\/haarausfall\/","name":"Haarausfall | Praxis Drs. Figl Karlsruhe","isPartOf":{"@id":"https:\/\/figl.de\/#website"},"primaryImageOfPage":{"@id":"https:\/\/figl.de\/index.php\/haarausfall\/#primaryimage"},"image":{"@id":"https:\/\/figl.de\/index.php\/haarausfall\/#primaryimage"},"thumbnailUrl":"https:\/\/figl.de\/wp-content\/uploads\/HairMetrix.png","datePublished":"2025-08-02T11:21:20+00:00","dateModified":"2025-08-03T09:26:21+00:00","breadcrumb":{"@id":"https:\/\/figl.de\/index.php\/haarausfall\/#breadcrumb"},"inLanguage":"de","potentialAction":[{"@type":"ReadAction","target":["https:\/\/figl.de\/index.php\/haarausfall\/"]}]},{"@type":"ImageObject","inLanguage":"de","@id":"https:\/\/figl.de\/index.php\/haarausfall\/#primaryimage","url":"https:\/\/figl.de\/wp-content\/uploads\/HairMetrix.png","contentUrl":"https:\/\/figl.de\/wp-content\/uploads\/HairMetrix.png","width":250,"height":175},{"@type":"BreadcrumbList","@id":"https:\/\/figl.de\/index.php\/haarausfall\/#breadcrumb","itemListElement":[{"@type":"ListItem","position":1,"name":"Startseite","item":"https:\/\/figl.de\/"},{"@type":"ListItem","position":2,"name":"Haarausfall"}]},{"@type":"WebSite","@id":"https:\/\/figl.de\/#website","url":"https:\/\/figl.de\/","name":"Praxis Drs. Figl Karlsruhe","description":"Ihre Haut\u00e4rzte","potentialAction":[{"@type":"SearchAction","target":{"@type":"EntryPoint","urlTemplate":"https:\/\/figl.de\/?s={search_term_string}"},"query-input":{"@type":"PropertyValueSpecification","valueRequired":true,"valueName":"search_term_string"}}],"inLanguage":"de"}]}},"_links":{"self":[{"href":"https:\/\/figl.de\/index.php\/wp-json\/wp\/v2\/pages\/810","targetHints":{"allow":["GET"]}}],"collection":[{"href":"https:\/\/figl.de\/index.php\/wp-json\/wp\/v2\/pages"}],"about":[{"href":"https:\/\/figl.de\/index.php\/wp-json\/wp\/v2\/types\/page"}],"author":[{"embeddable":true,"href":"https:\/\/figl.de\/index.php\/wp-json\/wp\/v2\/users\/1"}],"replies":[{"embeddable":true,"href":"https:\/\/figl.de\/index.php\/wp-json\/wp\/v2\/comments?post=810"}],"version-history":[{"count":13,"href":"https:\/\/figl.de\/index.php\/wp-json\/wp\/v2\/pages\/810\/revisions"}],"predecessor-version":[{"id":840,"href":"https:\/\/figl.de\/index.php\/wp-json\/wp\/v2\/pages\/810\/revisions\/840"}],"wp:attachment":[{"href":"https:\/\/figl.de\/index.php\/wp-json\/wp\/v2\/media?parent=810"}],"curies":[{"name":"wp","href":"https:\/\/api.w.org\/{rel}","templated":true}]}}