{"id":829,"date":"2025-08-02T14:04:04","date_gmt":"2025-08-02T12:04:04","guid":{"rendered":"https:\/\/figl.de\/?page_id=829"},"modified":"2025-08-03T11:38:50","modified_gmt":"2025-08-03T09:38:50","slug":"photodynamische-therapie-pdt","status":"publish","type":"page","link":"https:\/\/figl.de\/index.php\/photodynamische-therapie-pdt\/","title":{"rendered":"Photodynamische Therapie (PDT)"},"content":{"rendered":"\n<figure class=\"wp-block-image size-full is-resized\"><img loading=\"lazy\" decoding=\"async\" width=\"349\" height=\"265\" src=\"https:\/\/figl.de\/wp-content\/uploads\/PhotoDyn750-1.jpg\" alt=\"\" class=\"wp-image-847\" style=\"width:324px;height:auto\" srcset=\"https:\/\/figl.de\/wp-content\/uploads\/PhotoDyn750-1.jpg 349w, https:\/\/figl.de\/wp-content\/uploads\/PhotoDyn750-1-300x228.jpg 300w\" sizes=\"auto, (max-width: 349px) 100vw, 349px\" \/><figcaption class=\"wp-element-caption\">PhotoDyn\u00ae750<\/figcaption><\/figure>\n\n\n\n<p>Die photodynamische Therapie (PDT) ist ein modernes, minimalinvasives Verfahren zur Behandlung von Hautver\u00e4nderungen, insbesondere bei <strong>bestimmten Fr\u00fchformen von Hautkrebs&nbsp;(Aktinische Keratosen)<\/strong>. Dabei wird eine lichtempfindliche Substanz (Photosensibilisator) auf die betroffene Stelle aufgetragen, die sich bevorzugt in den kranken Zellen anreichert. Durch anschlie\u00dfende Bestrahlung mit Licht einer bestimmten Wellenl\u00e4nge wird ein photodynamischer Effekt ausgel\u00f6st, der die gesch\u00e4digten Zellen selektiv zerst\u00f6rt.&nbsp;<\/p>\n\n\n\n<p><strong>So funktioniert die PDT:<\/strong><\/p>\n\n\n\n<p>1. Auftragen des Photosensibilisators: In der Praxis tragen wir eine Creme mit einem Photosensibilisator, wie z.B. 5-Aminol\u00e4vulins\u00e4ure, auf die betroffene Hautstelle auf. Dieser Stoff reichert sich in den kranken Zellen an und macht sie lichtempfindlich.&nbsp;<\/p>\n\n\n\n<p>2. Einwirkzeit: Der Photosensibilisator ben\u00f6tigt ca. 3 Stunden, um sich in den Zielzellen anzureichern. <\/p>\n\n\n\n<p>3. Lichtbestrahlung: Anschlie\u00dfend wird die Haut mit einer Lichtquelle, meist Rotlicht, bestrahlt. Das Licht aktiviert den Photosensibilisator, was zur Bildung von aggressivem Sauerstoff (photodynamischer Effekt) f\u00fchrt.&nbsp;<\/p>\n\n\n\n<p>4. Zelltod: Der aggressive Sauerstoff sch\u00e4digt und zerst\u00f6rt gezielt die kranken Zellen, w\u00e4hrend das gesunde Gewebe weitgehend unber\u00fchrt bleibt.&nbsp;<\/p>\n\n\n\n<p>5. Abheilung: Die zerst\u00f6rten Zellen werden vom K\u00f6rper abgebaut und durch gesunde Zellen ersetzt.&nbsp;<\/p>\n\n\n\n<p><strong>Vorteile der PDT:<\/strong><\/p>\n\n\n\n<ul class=\"wp-block-list\">\n<li>Geringe Invasivit\u00e4t: Die PDT ist eine nicht-chirurgische Behandlungsmethode.&nbsp;<\/li>\n\n\n\n<li>Gezielte Wirkung: Die PDT wirkt selektiv auf kranke Zellen, was gesunde Zellen schont.&nbsp;<\/li>\n\n\n\n<li>Gute kosmetische Ergebnisse: Da nur kranke Zellen zerst\u00f6rt werden, sind die kosmetischen Ergebnisse oft sehr gut.&nbsp;<\/li>\n\n\n\n<li>Anwendbarkeit an schwierigen Stellen: Die PDT kann auch an schwer zug\u00e4nglichen Stellen wie Nase, Ohren oder Kopfhaut eingesetzt werden.<\/li>\n\n\n\n<li>Hautverj\u00fcngender Effekt: Die PDT hat dar\u00fcber hinaus einen positiven Effekt auf das Gesamtbild des behandelten Hautareals. Die Haut sieht gleichm\u00e4\u00dfiger und j\u00fcnger aus.<\/li>\n<\/ul>\n","protected":false},"excerpt":{"rendered":"<p>Die photodynamische Therapie (PDT) ist ein modernes, minimalinvasives Verfahren zur Behandlung von Hautver\u00e4nderungen, insbesondere bei bestimmten Fr\u00fchformen von Hautkrebs&nbsp;(Aktinische Keratosen). Dabei wird eine lichtempfindliche Substanz (Photosensibilisator) auf die betroffene Stelle aufgetragen, die sich bevorzugt in den kranken Zellen anreichert. Durch anschlie\u00dfende Bestrahlung mit Licht einer bestimmten Wellenl\u00e4nge wird ein photodynamischer Effekt ausgel\u00f6st, der die gesch\u00e4digten &hellip; <a href=\"https:\/\/figl.de\/index.php\/photodynamische-therapie-pdt\/\" class=\"more-link\">Weiterlesen <span class=\"screen-reader-text\">Photodynamische Therapie (PDT)<\/span><\/a><\/p>\n","protected":false},"author":1,"featured_media":0,"parent":0,"menu_order":0,"comment_status":"closed","ping_status":"closed","template":"","meta":{"footnotes":""},"class_list":["post-829","page","type-page","status-publish","hentry","without-featured-image"],"yoast_head":"<!-- This site is optimized with the Yoast SEO plugin v26.8 - https:\/\/yoast.com\/product\/yoast-seo-wordpress\/ -->\n<title>Photodynamische Therapie (PDT) | Praxis Drs. Figl Karlsruhe<\/title>\n<meta name=\"robots\" content=\"index, follow, max-snippet:-1, max-image-preview:large, max-video-preview:-1\" \/>\n<link rel=\"canonical\" href=\"https:\/\/figl.de\/index.php\/photodynamische-therapie-pdt\/\" \/>\n<meta property=\"og:locale\" content=\"de_DE\" \/>\n<meta property=\"og:type\" content=\"article\" \/>\n<meta property=\"og:title\" content=\"Photodynamische Therapie (PDT) | Praxis Drs. Figl Karlsruhe\" \/>\n<meta property=\"og:description\" content=\"Die photodynamische Therapie (PDT) ist ein modernes, minimalinvasives Verfahren zur Behandlung von Hautver\u00e4nderungen, insbesondere bei bestimmten Fr\u00fchformen von Hautkrebs&nbsp;(Aktinische Keratosen). Dabei wird eine lichtempfindliche Substanz (Photosensibilisator) auf die betroffene Stelle aufgetragen, die sich bevorzugt in den kranken Zellen anreichert. Durch anschlie\u00dfende Bestrahlung mit Licht einer bestimmten Wellenl\u00e4nge wird ein photodynamischer Effekt ausgel\u00f6st, der die gesch\u00e4digten &hellip; Weiterlesen Photodynamische Therapie (PDT)\" \/>\n<meta property=\"og:url\" content=\"https:\/\/figl.de\/index.php\/photodynamische-therapie-pdt\/\" \/>\n<meta property=\"og:site_name\" content=\"Praxis Drs. Figl Karlsruhe\" \/>\n<meta property=\"article:modified_time\" content=\"2025-08-03T09:38:50+00:00\" \/>\n<meta property=\"og:image\" content=\"https:\/\/figl.de\/wp-content\/uploads\/PhotoDyn750-1.jpg\" \/>\n\t<meta property=\"og:image:width\" content=\"349\" \/>\n\t<meta property=\"og:image:height\" content=\"265\" \/>\n\t<meta property=\"og:image:type\" content=\"image\/jpeg\" \/>\n<meta name=\"twitter:card\" content=\"summary_large_image\" \/>\n<meta name=\"twitter:label1\" content=\"Gesch\u00e4tzte Lesezeit\" \/>\n\t<meta name=\"twitter:data1\" content=\"2\u00a0Minuten\" \/>\n<script type=\"application\/ld+json\" class=\"yoast-schema-graph\">{\"@context\":\"https:\/\/schema.org\",\"@graph\":[{\"@type\":\"WebPage\",\"@id\":\"https:\/\/figl.de\/index.php\/photodynamische-therapie-pdt\/\",\"url\":\"https:\/\/figl.de\/index.php\/photodynamische-therapie-pdt\/\",\"name\":\"Photodynamische Therapie (PDT) | Praxis Drs. Figl Karlsruhe\",\"isPartOf\":{\"@id\":\"https:\/\/figl.de\/#website\"},\"primaryImageOfPage\":{\"@id\":\"https:\/\/figl.de\/index.php\/photodynamische-therapie-pdt\/#primaryimage\"},\"image\":{\"@id\":\"https:\/\/figl.de\/index.php\/photodynamische-therapie-pdt\/#primaryimage\"},\"thumbnailUrl\":\"https:\/\/figl.de\/wp-content\/uploads\/PhotoDyn750-1.jpg\",\"datePublished\":\"2025-08-02T12:04:04+00:00\",\"dateModified\":\"2025-08-03T09:38:50+00:00\",\"breadcrumb\":{\"@id\":\"https:\/\/figl.de\/index.php\/photodynamische-therapie-pdt\/#breadcrumb\"},\"inLanguage\":\"de\",\"potentialAction\":[{\"@type\":\"ReadAction\",\"target\":[\"https:\/\/figl.de\/index.php\/photodynamische-therapie-pdt\/\"]}]},{\"@type\":\"ImageObject\",\"inLanguage\":\"de\",\"@id\":\"https:\/\/figl.de\/index.php\/photodynamische-therapie-pdt\/#primaryimage\",\"url\":\"https:\/\/figl.de\/wp-content\/uploads\/PhotoDyn750-1.jpg\",\"contentUrl\":\"https:\/\/figl.de\/wp-content\/uploads\/PhotoDyn750-1.jpg\",\"width\":349,\"height\":265},{\"@type\":\"BreadcrumbList\",\"@id\":\"https:\/\/figl.de\/index.php\/photodynamische-therapie-pdt\/#breadcrumb\",\"itemListElement\":[{\"@type\":\"ListItem\",\"position\":1,\"name\":\"Startseite\",\"item\":\"https:\/\/figl.de\/\"},{\"@type\":\"ListItem\",\"position\":2,\"name\":\"Photodynamische Therapie (PDT)\"}]},{\"@type\":\"WebSite\",\"@id\":\"https:\/\/figl.de\/#website\",\"url\":\"https:\/\/figl.de\/\",\"name\":\"Praxis Drs. Figl Karlsruhe\",\"description\":\"Ihre Haut\u00e4rzte\",\"potentialAction\":[{\"@type\":\"SearchAction\",\"target\":{\"@type\":\"EntryPoint\",\"urlTemplate\":\"https:\/\/figl.de\/?s={search_term_string}\"},\"query-input\":{\"@type\":\"PropertyValueSpecification\",\"valueRequired\":true,\"valueName\":\"search_term_string\"}}],\"inLanguage\":\"de\"}]}<\/script>\n<!-- \/ Yoast SEO plugin. -->","yoast_head_json":{"title":"Photodynamische Therapie (PDT) | Praxis Drs. Figl Karlsruhe","robots":{"index":"index","follow":"follow","max-snippet":"max-snippet:-1","max-image-preview":"max-image-preview:large","max-video-preview":"max-video-preview:-1"},"canonical":"https:\/\/figl.de\/index.php\/photodynamische-therapie-pdt\/","og_locale":"de_DE","og_type":"article","og_title":"Photodynamische Therapie (PDT) | Praxis Drs. Figl Karlsruhe","og_description":"Die photodynamische Therapie (PDT) ist ein modernes, minimalinvasives Verfahren zur Behandlung von Hautver\u00e4nderungen, insbesondere bei bestimmten Fr\u00fchformen von Hautkrebs&nbsp;(Aktinische Keratosen). Dabei wird eine lichtempfindliche Substanz (Photosensibilisator) auf die betroffene Stelle aufgetragen, die sich bevorzugt in den kranken Zellen anreichert. Durch anschlie\u00dfende Bestrahlung mit Licht einer bestimmten Wellenl\u00e4nge wird ein photodynamischer Effekt ausgel\u00f6st, der die gesch\u00e4digten &hellip; Weiterlesen Photodynamische Therapie (PDT)","og_url":"https:\/\/figl.de\/index.php\/photodynamische-therapie-pdt\/","og_site_name":"Praxis Drs. Figl Karlsruhe","article_modified_time":"2025-08-03T09:38:50+00:00","og_image":[{"width":349,"height":265,"url":"https:\/\/figl.de\/wp-content\/uploads\/PhotoDyn750-1.jpg","type":"image\/jpeg"}],"twitter_card":"summary_large_image","twitter_misc":{"Gesch\u00e4tzte Lesezeit":"2\u00a0Minuten"},"schema":{"@context":"https:\/\/schema.org","@graph":[{"@type":"WebPage","@id":"https:\/\/figl.de\/index.php\/photodynamische-therapie-pdt\/","url":"https:\/\/figl.de\/index.php\/photodynamische-therapie-pdt\/","name":"Photodynamische Therapie (PDT) | Praxis Drs. Figl Karlsruhe","isPartOf":{"@id":"https:\/\/figl.de\/#website"},"primaryImageOfPage":{"@id":"https:\/\/figl.de\/index.php\/photodynamische-therapie-pdt\/#primaryimage"},"image":{"@id":"https:\/\/figl.de\/index.php\/photodynamische-therapie-pdt\/#primaryimage"},"thumbnailUrl":"https:\/\/figl.de\/wp-content\/uploads\/PhotoDyn750-1.jpg","datePublished":"2025-08-02T12:04:04+00:00","dateModified":"2025-08-03T09:38:50+00:00","breadcrumb":{"@id":"https:\/\/figl.de\/index.php\/photodynamische-therapie-pdt\/#breadcrumb"},"inLanguage":"de","potentialAction":[{"@type":"ReadAction","target":["https:\/\/figl.de\/index.php\/photodynamische-therapie-pdt\/"]}]},{"@type":"ImageObject","inLanguage":"de","@id":"https:\/\/figl.de\/index.php\/photodynamische-therapie-pdt\/#primaryimage","url":"https:\/\/figl.de\/wp-content\/uploads\/PhotoDyn750-1.jpg","contentUrl":"https:\/\/figl.de\/wp-content\/uploads\/PhotoDyn750-1.jpg","width":349,"height":265},{"@type":"BreadcrumbList","@id":"https:\/\/figl.de\/index.php\/photodynamische-therapie-pdt\/#breadcrumb","itemListElement":[{"@type":"ListItem","position":1,"name":"Startseite","item":"https:\/\/figl.de\/"},{"@type":"ListItem","position":2,"name":"Photodynamische Therapie (PDT)"}]},{"@type":"WebSite","@id":"https:\/\/figl.de\/#website","url":"https:\/\/figl.de\/","name":"Praxis Drs. Figl Karlsruhe","description":"Ihre Haut\u00e4rzte","potentialAction":[{"@type":"SearchAction","target":{"@type":"EntryPoint","urlTemplate":"https:\/\/figl.de\/?s={search_term_string}"},"query-input":{"@type":"PropertyValueSpecification","valueRequired":true,"valueName":"search_term_string"}}],"inLanguage":"de"}]}},"_links":{"self":[{"href":"https:\/\/figl.de\/index.php\/wp-json\/wp\/v2\/pages\/829","targetHints":{"allow":["GET"]}}],"collection":[{"href":"https:\/\/figl.de\/index.php\/wp-json\/wp\/v2\/pages"}],"about":[{"href":"https:\/\/figl.de\/index.php\/wp-json\/wp\/v2\/types\/page"}],"author":[{"embeddable":true,"href":"https:\/\/figl.de\/index.php\/wp-json\/wp\/v2\/users\/1"}],"replies":[{"embeddable":true,"href":"https:\/\/figl.de\/index.php\/wp-json\/wp\/v2\/comments?post=829"}],"version-history":[{"count":6,"href":"https:\/\/figl.de\/index.php\/wp-json\/wp\/v2\/pages\/829\/revisions"}],"predecessor-version":[{"id":849,"href":"https:\/\/figl.de\/index.php\/wp-json\/wp\/v2\/pages\/829\/revisions\/849"}],"wp:attachment":[{"href":"https:\/\/figl.de\/index.php\/wp-json\/wp\/v2\/media?parent=829"}],"curies":[{"name":"wp","href":"https:\/\/api.w.org\/{rel}","templated":true}]}}