{"id":83,"date":"2018-02-17T19:39:09","date_gmt":"2018-02-17T18:39:09","guid":{"rendered":"http:\/\/figl.de\/v2\/?page_id=83"},"modified":"2021-09-01T19:28:19","modified_gmt":"2021-09-01T17:28:19","slug":"dr-med-robert-figl","status":"publish","type":"page","link":"https:\/\/figl.de\/index.php\/dr-med-robert-figl\/","title":{"rendered":"Dr. med. Robert Figl"},"content":{"rendered":"<p><img loading=\"lazy\" decoding=\"async\" class=\"alignnone wp-image-451 size-medium\" src=\"https:\/\/figl.de\/wp-content\/uploads\/RobertFigl-207x300.jpg\" alt=\"\" width=\"207\" height=\"300\" srcset=\"https:\/\/figl.de\/wp-content\/uploads\/RobertFigl-207x300.jpg 207w, https:\/\/figl.de\/wp-content\/uploads\/RobertFigl-707x1024.jpg 707w, https:\/\/figl.de\/wp-content\/uploads\/RobertFigl-768x1112.jpg 768w, https:\/\/figl.de\/wp-content\/uploads\/RobertFigl-1061x1536.jpg 1061w, https:\/\/figl.de\/wp-content\/uploads\/RobertFigl-1414x2048.jpg 1414w, https:\/\/figl.de\/wp-content\/uploads\/RobertFigl-262x380.jpg 262w, https:\/\/figl.de\/wp-content\/uploads\/RobertFigl-scaled.jpg 1768w\" sizes=\"auto, (max-width: 207px) 100vw, 207px\" \/><\/p>\n<ul>\n<li><b>1989-1998:<\/b> Studium der Medizin an der Ruprecht-Karls-Universit\u00e4t Heidelberg<\/li>\n<li><b>1998-2000:<\/b> Arzt im Praktikum an der Universit\u00e4ts-Hautklinik des Klinikums Mannheim, Universit\u00e4t Heidelberg<\/li>\n<li><b>2000:<\/b> Approbation als Arzt<\/li>\n<li><b>2004:<\/b> Promotion (Institut f\u00fcr Medizinische Mikrobiologie und Hygiene der Medizinischen Fakult\u00e4t Mannheim, Universit\u00e4t Heidelberg)<\/li>\n<li><b>2000-2007:<\/b> T\u00e4tigkeit an der Universit\u00e4ts-Hautklinik des Klinikums Mannheim, Universit\u00e4t Heidelberg und der Klinischen Kooperationseinheit Dermatoonkologie des Deutschen Krebsforschungszentrums (DKFZ), Heidelberg<\/li>\n<li><strong>Seit 2007<\/strong> T\u00e4tigkeit in eigener Praxis in Karlsruhe<\/li>\n<li><b>Seit 2004:<\/b> Facharzt f\u00fcr Haut- und Geschlechtskrankheiten<\/li>\n<li><b>Seit 2007:<\/b> Allergologe<\/li>\n<li><b>Seit 2011:<\/b> Zusatzbezeichnung Medikament\u00f6se Tumortherapie<\/li>\n<li>Verheiratet, 2 Kinder<\/li>\n<\/ul>\n<h2>Mitgliedschaften in Fachgesellschaften:<\/h2>\n<ul>\n<li><a href=\"http:\/\/www.derma.de\" target=\"_blank\" rel=\"noopener noreferrer\">Deutsche Dermatologische Gesellschaft e.V. (DDG)<\/a><\/li>\n<li><a href=\"http:\/\/www.uptoderm.de\" target=\"_blank\" rel=\"noopener noreferrer\">Berufsverband der Deutschen Dermatologen e.V. (BVDD)<\/a><\/li>\n<li><a href=\"http:\/\/www.krebsgesellschaft.de\" target=\"_blank\" rel=\"noopener noreferrer\">Deutsche Krebsgesellschaft e.V.<\/a><\/li>\n<li><a href=\"http:\/\/www.ado-homepage.de\" target=\"_blank\" rel=\"noopener noreferrer\">Arbeitsgemeinschaft Dermatologische Onkologie<\/a><\/li>\n<li><a href=\"https:\/\/www.onkoderm.de\/\" target=\"_blank\" rel=\"noopener noreferrer\">Onkoderm e.V.<\/a><\/li>\n<li><a href=\"https:\/\/www.dg-andrologie.de\/\" target=\"_blank\" rel=\"noopener\">Deutsche Gesellschaft f\u00fcr Andrologie<\/a><\/li>\n<\/ul>\n<h2>Sport\/Rollstuhlleichtathletik (Rennrollstuhl):<\/h2>\n<ul>\n<li>1985-2007 Mitglied der Deutschen Nationalmannschaft<\/li>\n<li>Teilnahme an 5 Paralympics (7 x Gold, 4 x Silber, 5 x Bronze)<\/li>\n<li>2004 Olympische Spiele Athen, Gold \u00fcber 1500m (Exhibition Event Rennrollstuhl)<\/li>\n<li>Teilnahme an zahlreichen nationalen und internationalen Meisterschaften<\/li>\n<li>Ehemaliger Deutscher Rekordhalter \u00fcber: 800m, 5000m, 10000m<\/li>\n<li>3maliger Sportler des Jahres der Stadt Mannheim (2000, 2004, 2005)<\/li>\n<\/ul>\n<p><img loading=\"lazy\" decoding=\"async\" class=\"alignnone wp-image-84 size-full\" src=\"http:\/\/figl.de\/v2\/wp-content\/uploads\/2018\/02\/r_figl_training.jpg\" alt=\"\" width=\"240\" height=\"162\" \/><\/p>\n\n\n<p><\/p>\n","protected":false},"excerpt":{"rendered":"<p>1989-1998: Studium der Medizin an der Ruprecht-Karls-Universit\u00e4t Heidelberg 1998-2000: Arzt im Praktikum an der Universit\u00e4ts-Hautklinik des Klinikums Mannheim, Universit\u00e4t Heidelberg 2000: Approbation als Arzt 2004: Promotion (Institut f\u00fcr Medizinische Mikrobiologie und Hygiene der Medizinischen Fakult\u00e4t Mannheim, Universit\u00e4t Heidelberg) 2000-2007: T\u00e4tigkeit an der Universit\u00e4ts-Hautklinik des Klinikums Mannheim, Universit\u00e4t Heidelberg und der Klinischen Kooperationseinheit Dermatoonkologie des Deutschen &hellip; <a href=\"https:\/\/figl.de\/index.php\/dr-med-robert-figl\/\" class=\"more-link\">Weiterlesen <span class=\"screen-reader-text\">Dr. med. Robert Figl<\/span><\/a><\/p>\n","protected":false},"author":1,"featured_media":0,"parent":0,"menu_order":0,"comment_status":"closed","ping_status":"closed","template":"","meta":{"footnotes":""},"class_list":["post-83","page","type-page","status-publish","hentry","without-featured-image"],"yoast_head":"<!-- This site is optimized with the Yoast SEO plugin v26.8 - https:\/\/yoast.com\/product\/yoast-seo-wordpress\/ -->\n<title>Dr. med. Robert Figl | Praxis Drs. Figl Karlsruhe<\/title>\n<meta name=\"robots\" content=\"index, follow, max-snippet:-1, max-image-preview:large, max-video-preview:-1\" \/>\n<link rel=\"canonical\" href=\"https:\/\/figl.de\/index.php\/dr-med-robert-figl\/\" \/>\n<meta property=\"og:locale\" content=\"de_DE\" \/>\n<meta property=\"og:type\" content=\"article\" \/>\n<meta property=\"og:title\" content=\"Dr. med. Robert Figl | Praxis Drs. Figl Karlsruhe\" \/>\n<meta property=\"og:description\" content=\"1989-1998: Studium der Medizin an der Ruprecht-Karls-Universit\u00e4t Heidelberg 1998-2000: Arzt im Praktikum an der Universit\u00e4ts-Hautklinik des Klinikums Mannheim, Universit\u00e4t Heidelberg 2000: Approbation als Arzt 2004: Promotion (Institut f\u00fcr Medizinische Mikrobiologie und Hygiene der Medizinischen Fakult\u00e4t Mannheim, Universit\u00e4t Heidelberg) 2000-2007: T\u00e4tigkeit an der Universit\u00e4ts-Hautklinik des Klinikums Mannheim, Universit\u00e4t Heidelberg und der Klinischen Kooperationseinheit Dermatoonkologie des Deutschen &hellip; Weiterlesen Dr. med. Robert Figl\" \/>\n<meta property=\"og:url\" content=\"https:\/\/figl.de\/index.php\/dr-med-robert-figl\/\" \/>\n<meta property=\"og:site_name\" content=\"Praxis Drs. Figl Karlsruhe\" \/>\n<meta property=\"article:modified_time\" content=\"2021-09-01T17:28:19+00:00\" \/>\n<meta property=\"og:image\" content=\"https:\/\/figl.de\/wp-content\/uploads\/RobertFigl-207x300.jpg\" \/>\n<meta name=\"twitter:card\" content=\"summary_large_image\" \/>\n<meta name=\"twitter:label1\" content=\"Gesch\u00e4tzte Lesezeit\" \/>\n\t<meta name=\"twitter:data1\" content=\"2\u00a0Minuten\" \/>\n<script type=\"application\/ld+json\" class=\"yoast-schema-graph\">{\"@context\":\"https:\/\/schema.org\",\"@graph\":[{\"@type\":\"WebPage\",\"@id\":\"https:\/\/figl.de\/index.php\/dr-med-robert-figl\/\",\"url\":\"https:\/\/figl.de\/index.php\/dr-med-robert-figl\/\",\"name\":\"Dr. med. Robert Figl | Praxis Drs. Figl Karlsruhe\",\"isPartOf\":{\"@id\":\"https:\/\/figl.de\/#website\"},\"primaryImageOfPage\":{\"@id\":\"https:\/\/figl.de\/index.php\/dr-med-robert-figl\/#primaryimage\"},\"image\":{\"@id\":\"https:\/\/figl.de\/index.php\/dr-med-robert-figl\/#primaryimage\"},\"thumbnailUrl\":\"https:\/\/figl.de\/wp-content\/uploads\/RobertFigl-207x300.jpg\",\"datePublished\":\"2018-02-17T18:39:09+00:00\",\"dateModified\":\"2021-09-01T17:28:19+00:00\",\"breadcrumb\":{\"@id\":\"https:\/\/figl.de\/index.php\/dr-med-robert-figl\/#breadcrumb\"},\"inLanguage\":\"de\",\"potentialAction\":[{\"@type\":\"ReadAction\",\"target\":[\"https:\/\/figl.de\/index.php\/dr-med-robert-figl\/\"]}]},{\"@type\":\"ImageObject\",\"inLanguage\":\"de\",\"@id\":\"https:\/\/figl.de\/index.php\/dr-med-robert-figl\/#primaryimage\",\"url\":\"https:\/\/figl.de\/wp-content\/uploads\/RobertFigl-207x300.jpg\",\"contentUrl\":\"https:\/\/figl.de\/wp-content\/uploads\/RobertFigl-207x300.jpg\"},{\"@type\":\"BreadcrumbList\",\"@id\":\"https:\/\/figl.de\/index.php\/dr-med-robert-figl\/#breadcrumb\",\"itemListElement\":[{\"@type\":\"ListItem\",\"position\":1,\"name\":\"Startseite\",\"item\":\"https:\/\/figl.de\/\"},{\"@type\":\"ListItem\",\"position\":2,\"name\":\"Dr. med. Robert Figl\"}]},{\"@type\":\"WebSite\",\"@id\":\"https:\/\/figl.de\/#website\",\"url\":\"https:\/\/figl.de\/\",\"name\":\"Praxis Drs. Figl Karlsruhe\",\"description\":\"Ihre Haut\u00e4rzte\",\"potentialAction\":[{\"@type\":\"SearchAction\",\"target\":{\"@type\":\"EntryPoint\",\"urlTemplate\":\"https:\/\/figl.de\/?s={search_term_string}\"},\"query-input\":{\"@type\":\"PropertyValueSpecification\",\"valueRequired\":true,\"valueName\":\"search_term_string\"}}],\"inLanguage\":\"de\"}]}<\/script>\n<!-- \/ Yoast SEO plugin. -->","yoast_head_json":{"title":"Dr. med. Robert Figl | Praxis Drs. Figl Karlsruhe","robots":{"index":"index","follow":"follow","max-snippet":"max-snippet:-1","max-image-preview":"max-image-preview:large","max-video-preview":"max-video-preview:-1"},"canonical":"https:\/\/figl.de\/index.php\/dr-med-robert-figl\/","og_locale":"de_DE","og_type":"article","og_title":"Dr. med. Robert Figl | Praxis Drs. Figl Karlsruhe","og_description":"1989-1998: Studium der Medizin an der Ruprecht-Karls-Universit\u00e4t Heidelberg 1998-2000: Arzt im Praktikum an der Universit\u00e4ts-Hautklinik des Klinikums Mannheim, Universit\u00e4t Heidelberg 2000: Approbation als Arzt 2004: Promotion (Institut f\u00fcr Medizinische Mikrobiologie und Hygiene der Medizinischen Fakult\u00e4t Mannheim, Universit\u00e4t Heidelberg) 2000-2007: T\u00e4tigkeit an der Universit\u00e4ts-Hautklinik des Klinikums Mannheim, Universit\u00e4t Heidelberg und der Klinischen Kooperationseinheit Dermatoonkologie des Deutschen &hellip; Weiterlesen Dr. med. Robert Figl","og_url":"https:\/\/figl.de\/index.php\/dr-med-robert-figl\/","og_site_name":"Praxis Drs. Figl Karlsruhe","article_modified_time":"2021-09-01T17:28:19+00:00","og_image":[{"url":"https:\/\/figl.de\/wp-content\/uploads\/RobertFigl-207x300.jpg","type":"","width":"","height":""}],"twitter_card":"summary_large_image","twitter_misc":{"Gesch\u00e4tzte Lesezeit":"2\u00a0Minuten"},"schema":{"@context":"https:\/\/schema.org","@graph":[{"@type":"WebPage","@id":"https:\/\/figl.de\/index.php\/dr-med-robert-figl\/","url":"https:\/\/figl.de\/index.php\/dr-med-robert-figl\/","name":"Dr. med. Robert Figl | Praxis Drs. Figl Karlsruhe","isPartOf":{"@id":"https:\/\/figl.de\/#website"},"primaryImageOfPage":{"@id":"https:\/\/figl.de\/index.php\/dr-med-robert-figl\/#primaryimage"},"image":{"@id":"https:\/\/figl.de\/index.php\/dr-med-robert-figl\/#primaryimage"},"thumbnailUrl":"https:\/\/figl.de\/wp-content\/uploads\/RobertFigl-207x300.jpg","datePublished":"2018-02-17T18:39:09+00:00","dateModified":"2021-09-01T17:28:19+00:00","breadcrumb":{"@id":"https:\/\/figl.de\/index.php\/dr-med-robert-figl\/#breadcrumb"},"inLanguage":"de","potentialAction":[{"@type":"ReadAction","target":["https:\/\/figl.de\/index.php\/dr-med-robert-figl\/"]}]},{"@type":"ImageObject","inLanguage":"de","@id":"https:\/\/figl.de\/index.php\/dr-med-robert-figl\/#primaryimage","url":"https:\/\/figl.de\/wp-content\/uploads\/RobertFigl-207x300.jpg","contentUrl":"https:\/\/figl.de\/wp-content\/uploads\/RobertFigl-207x300.jpg"},{"@type":"BreadcrumbList","@id":"https:\/\/figl.de\/index.php\/dr-med-robert-figl\/#breadcrumb","itemListElement":[{"@type":"ListItem","position":1,"name":"Startseite","item":"https:\/\/figl.de\/"},{"@type":"ListItem","position":2,"name":"Dr. med. Robert Figl"}]},{"@type":"WebSite","@id":"https:\/\/figl.de\/#website","url":"https:\/\/figl.de\/","name":"Praxis Drs. Figl Karlsruhe","description":"Ihre Haut\u00e4rzte","potentialAction":[{"@type":"SearchAction","target":{"@type":"EntryPoint","urlTemplate":"https:\/\/figl.de\/?s={search_term_string}"},"query-input":{"@type":"PropertyValueSpecification","valueRequired":true,"valueName":"search_term_string"}}],"inLanguage":"de"}]}},"_links":{"self":[{"href":"https:\/\/figl.de\/index.php\/wp-json\/wp\/v2\/pages\/83","targetHints":{"allow":["GET"]}}],"collection":[{"href":"https:\/\/figl.de\/index.php\/wp-json\/wp\/v2\/pages"}],"about":[{"href":"https:\/\/figl.de\/index.php\/wp-json\/wp\/v2\/types\/page"}],"author":[{"embeddable":true,"href":"https:\/\/figl.de\/index.php\/wp-json\/wp\/v2\/users\/1"}],"replies":[{"embeddable":true,"href":"https:\/\/figl.de\/index.php\/wp-json\/wp\/v2\/comments?post=83"}],"version-history":[{"count":7,"href":"https:\/\/figl.de\/index.php\/wp-json\/wp\/v2\/pages\/83\/revisions"}],"predecessor-version":[{"id":529,"href":"https:\/\/figl.de\/index.php\/wp-json\/wp\/v2\/pages\/83\/revisions\/529"}],"wp:attachment":[{"href":"https:\/\/figl.de\/index.php\/wp-json\/wp\/v2\/media?parent=83"}],"curies":[{"name":"wp","href":"https:\/\/api.w.org\/{rel}","templated":true}]}}